{"id":1950,"date":"2025-12-13T17:30:27","date_gmt":"2025-12-13T17:30:27","guid":{"rendered":"https:\/\/szitakotokreativsuli.nortak.hu\/?page_id=1950"},"modified":"2026-02-06T15:02:03","modified_gmt":"2026-02-06T15:02:03","slug":"kis-lakberendezo-tabor","status":"publish","type":"page","link":"https:\/\/szitakotokreativsuli.nortak.hu\/en\/kis-lakberendezo-tabor\/","title":{"rendered":"SMALL INTERIOR DESIGN CAMP"},"content":{"rendered":"<div data-elementor-type=\"wp-page\" data-elementor-id=\"1950\" class=\"elementor elementor-1950\" data-elementor-post-type=\"page\">\n\t\t\t\t\t\t<section class=\"elementor-section elementor-top-section elementor-element elementor-element-835493e elementor-section-boxed elementor-section-height-default elementor-section-height-default\" data-id=\"835493e\" data-element_type=\"section\" data-e-type=\"section\">\n\t\t\t\t\t\t<div class=\"elementor-container elementor-column-gap-default\">\n\t\t\t\t\t<div class=\"elementor-column elementor-col-100 elementor-top-column elementor-element elementor-element-5c47424\" data-id=\"5c47424\" data-element_type=\"column\" data-e-type=\"column\">\n\t\t\t<div class=\"elementor-widget-wrap elementor-element-populated\">\n\t\t\t\t\t\t<div class=\"elementor-element elementor-element-7d84799 elementor-widget elementor-widget-spacer\" data-id=\"7d84799\" data-element_type=\"widget\" data-e-type=\"widget\" data-widget_type=\"spacer.default\">\n\t\t\t\t<div class=\"elementor-widget-container\">\n\t\t\t\t\t\t\t<div class=\"elementor-spacer\">\n\t\t\t<div class=\"elementor-spacer-inner\"><\/div>\n\t\t<\/div>\n\t\t\t\t\t\t<\/div>\n\t\t\t\t<\/div>\n\t\t\t\t\t<\/div>\n\t\t<\/div>\n\t\t\t\t\t<\/div>\n\t\t<\/section>\n\t\t\t\t<section class=\"elementor-section elementor-top-section elementor-element elementor-element-0ed789f elementor-section-boxed elementor-section-height-default elementor-section-height-default\" data-id=\"0ed789f\" data-element_type=\"section\" data-e-type=\"section\">\n\t\t\t\t\t\t<div class=\"elementor-container elementor-column-gap-default\">\n\t\t\t\t\t<div class=\"elementor-column elementor-col-100 elementor-top-column elementor-element elementor-element-d45169d\" data-id=\"d45169d\" data-element_type=\"column\" data-e-type=\"column\">\n\t\t\t<div class=\"elementor-widget-wrap elementor-element-populated\">\n\t\t\t\t\t\t<div class=\"elementor-element elementor-element-02c953a elementor-widget elementor-widget-heading\" data-id=\"02c953a\" data-element_type=\"widget\" data-e-type=\"widget\" data-widget_type=\"heading.default\">\n\t\t\t\t<div class=\"elementor-widget-container\">\n\t\t\t\t\t<h3 class=\"elementor-heading-title elementor-size-default\"> SMALL INTERIOR DESIGN CAMP<\/h3>\t\t\t\t<\/div>\n\t\t\t\t<\/div>\n\t\t\t\t\t<\/div>\n\t\t<\/div>\n\t\t\t\t\t<\/div>\n\t\t<\/section>\n\t\t\t\t<section class=\"elementor-section elementor-top-section elementor-element elementor-element-efd91c7 elementor-section-boxed elementor-section-height-default elementor-section-height-default\" data-id=\"efd91c7\" data-element_type=\"section\" data-e-type=\"section\">\n\t\t\t\t\t\t<div class=\"elementor-container elementor-column-gap-default\">\n\t\t\t\t\t<div class=\"elementor-column elementor-col-100 elementor-top-column elementor-element elementor-element-3bb325e\" data-id=\"3bb325e\" data-element_type=\"column\" data-e-type=\"column\">\n\t\t\t<div class=\"elementor-widget-wrap elementor-element-populated\">\n\t\t\t\t\t\t<div class=\"elementor-element elementor-element-28a3d6b elementor-widget elementor-widget-text-editor\" data-id=\"28a3d6b\" data-element_type=\"widget\" data-e-type=\"widget\" data-widget_type=\"text-editor.default\">\n\t\t\t\t<div class=\"elementor-widget-container\">\n\t\t\t\t\t\t\t\t\t<p><span style=\"font-weight: 400;\">creative summer - a world of spaces, colours and details<\/span><\/p>\t\t\t\t\t\t\t\t<\/div>\n\t\t\t\t<\/div>\n\t\t\t\t\t<\/div>\n\t\t<\/div>\n\t\t\t\t\t<\/div>\n\t\t<\/section>\n\t\t\t\t<section class=\"elementor-section elementor-top-section elementor-element elementor-element-f2161fb elementor-section-boxed elementor-section-height-default elementor-section-height-default\" data-id=\"f2161fb\" data-element_type=\"section\" data-e-type=\"section\">\n\t\t\t\t\t\t<div class=\"elementor-container elementor-column-gap-default\">\n\t\t\t\t\t<div class=\"elementor-column elementor-col-100 elementor-top-column elementor-element elementor-element-8388b76\" data-id=\"8388b76\" data-element_type=\"column\" data-e-type=\"column\">\n\t\t\t<div class=\"elementor-widget-wrap elementor-element-populated\">\n\t\t\t\t\t\t<div class=\"elementor-element elementor-element-c36b200 elementor-widget elementor-widget-spacer\" data-id=\"c36b200\" data-element_type=\"widget\" data-e-type=\"widget\" data-widget_type=\"spacer.default\">\n\t\t\t\t<div class=\"elementor-widget-container\">\n\t\t\t\t\t\t\t<div class=\"elementor-spacer\">\n\t\t\t<div class=\"elementor-spacer-inner\"><\/div>\n\t\t<\/div>\n\t\t\t\t\t\t<\/div>\n\t\t\t\t<\/div>\n\t\t\t\t\t<\/div>\n\t\t<\/div>\n\t\t\t\t\t<\/div>\n\t\t<\/section>\n\t\t\t\t<section class=\"elementor-section elementor-top-section elementor-element elementor-element-9cee712 elementor-section-boxed elementor-section-height-default elementor-section-height-default\" data-id=\"9cee712\" data-element_type=\"section\" data-e-type=\"section\">\n\t\t\t\t\t\t<div class=\"elementor-container elementor-column-gap-default\">\n\t\t\t\t\t<div class=\"elementor-column elementor-col-50 elementor-top-column elementor-element elementor-element-d4ad705\" data-id=\"d4ad705\" data-element_type=\"column\" data-e-type=\"column\">\n\t\t\t<div class=\"elementor-widget-wrap elementor-element-populated\">\n\t\t\t\t\t\t<div class=\"elementor-element elementor-element-2f5c3ec elementor-widget elementor-widget-text-editor\" data-id=\"2f5c3ec\" data-element_type=\"widget\" data-e-type=\"widget\" data-widget_type=\"text-editor.default\">\n\t\t\t\t<div class=\"elementor-widget-container\">\n\t\t\t\t\t\t\t\t\t<p><span style=\"font-weight: 400;\">Participation fee: 62.000 Ft \/ 5 days - <em>p<\/em><\/span><em><span style=\"font-weight: 400;\">5% discount for even registration<\/span><\/em><\/p><p><span style=\"font-weight: 400;\">Pre-registration discounts:<\/span><span style=\"font-weight: 400;\"><br \/><\/span><span style=\"font-weight: 400;\">- until 15 March with payment of the first instalment -7%\/person<\/span><span style=\"font-weight: 400;\"><br \/><\/span><span style=\"font-weight: 400;\">- until 30 April with payment of the first instalment -5%\/person<\/span><\/p><p><span style=\"font-weight: 400;\">Date: 29 June - 3 July 2026 8:00-16:00<\/span><\/p>\t\t\t\t\t\t\t\t<\/div>\n\t\t\t\t<\/div>\n\t\t\t\t<div class=\"elementor-element elementor-element-8a0b859 elementor-align-center elementor-widget elementor-widget-button\" data-id=\"8a0b859\" data-element_type=\"widget\" data-e-type=\"widget\" data-widget_type=\"button.default\">\n\t\t\t\t<div class=\"elementor-widget-container\">\n\t\t\t\t\t\t\t\t\t<div class=\"elementor-button-wrapper\">\n\t\t\t\t\t<a class=\"elementor-button elementor-button-link elementor-size-sm\" href=\"#elementor-action%3Aaction%3Dpopup%3Aopen%26settings%3DeyJpZCI6IjI2MDQiLCJ0b2dnbGUiOmZhbHNlfQ%3D%3D\">\n\t\t\t\t\t\t<span class=\"elementor-button-content-wrapper\">\n\t\t\t\t\t\t\t\t\t<span class=\"elementor-button-text\">Sign me up<\/span>\n\t\t\t\t\t<\/span>\n\t\t\t\t\t<\/a>\n\t\t\t\t<\/div>\n\t\t\t\t\t\t\t\t<\/div>\n\t\t\t\t<\/div>\n\t\t\t\t\t<\/div>\n\t\t<\/div>\n\t\t\t\t<div class=\"elementor-column elementor-col-50 elementor-top-column elementor-element elementor-element-27fc4d3\" data-id=\"27fc4d3\" data-element_type=\"column\" data-e-type=\"column\">\n\t\t\t<div class=\"elementor-widget-wrap elementor-element-populated\">\n\t\t\t\t\t\t<div class=\"elementor-element elementor-element-90296ed elementor-widget elementor-widget-image\" data-id=\"90296ed\" data-element_type=\"widget\" data-e-type=\"widget\" data-widget_type=\"image.default\">\n\t\t\t\t<div class=\"elementor-widget-container\">\n\t\t\t\t\t\t\t\t\t\t\t\t\t\t\t<img fetchpriority=\"high\" decoding=\"async\" width=\"1024\" height=\"683\" src=\"https:\/\/szitakotokreativsuli.nortak.hu\/wp-content\/uploads\/2025\/12\/mini-lakber-1024x683.png\" class=\"attachment-large size-large wp-image-1639\" alt=\"kis lakberendez\u0151 t\u00e1bor\" srcset=\"https:\/\/szitakotokreativsuli.nortak.hu\/wp-content\/uploads\/2025\/12\/mini-lakber-1024x683.png 1024w, https:\/\/szitakotokreativsuli.nortak.hu\/wp-content\/uploads\/2025\/12\/mini-lakber-600x400.png 600w, https:\/\/szitakotokreativsuli.nortak.hu\/wp-content\/uploads\/2025\/12\/mini-lakber-300x200.png 300w, https:\/\/szitakotokreativsuli.nortak.hu\/wp-content\/uploads\/2025\/12\/mini-lakber-768x512.png 768w, https:\/\/szitakotokreativsuli.nortak.hu\/wp-content\/uploads\/2025\/12\/mini-lakber.png 1200w\" sizes=\"(max-width: 1024px) 100vw, 1024px\" \/>\t\t\t\t\t\t\t\t\t\t\t\t\t\t\t<\/div>\n\t\t\t\t<\/div>\n\t\t\t\t\t<\/div>\n\t\t<\/div>\n\t\t\t\t\t<\/div>\n\t\t<\/section>\n\t\t\t\t<section class=\"elementor-section elementor-top-section elementor-element elementor-element-01f988b elementor-section-boxed elementor-section-height-default elementor-section-height-default\" data-id=\"01f988b\" data-element_type=\"section\" data-e-type=\"section\">\n\t\t\t\t\t\t<div class=\"elementor-container elementor-column-gap-default\">\n\t\t\t\t\t<div class=\"elementor-column elementor-col-100 elementor-top-column elementor-element elementor-element-e4107a3\" data-id=\"e4107a3\" data-element_type=\"column\" data-e-type=\"column\">\n\t\t\t<div class=\"elementor-widget-wrap elementor-element-populated\">\n\t\t\t\t\t\t<div class=\"elementor-element elementor-element-bc04e1d elementor-widget elementor-widget-text-editor\" data-id=\"bc04e1d\" data-element_type=\"widget\" data-e-type=\"widget\" data-widget_type=\"text-editor.default\">\n\t\t\t\t<div class=\"elementor-widget-container\">\n\t\t\t\t\t\t\t\t\t<p><span style=\"font-weight: 400;\">During the week, children learn the basics of interior design and space management in a playful way. We will design and build mini-models step by step: painting, texturing, furniture making and decorating. Creating together is an exciting process.<\/span><span style=\"font-weight: 400;\"><br \/><\/span><span style=\"font-weight: 400;\">The focus is on creative thinking, independent ideas and making sure that every child experiences the joy of creating - with lots of inspiration and help.<\/span><\/p><p><strong>Which we provide:<\/strong><span style=\"font-weight: 400;\"><br \/><\/span><span style=\"font-weight: 400;\">- all the necessary model bases and creative materials<\/span><span style=\"font-weight: 400;\"><br \/><\/span><span style=\"font-weight: 400;\">- tools, paints, brushes, decorative elements<\/span><span style=\"font-weight: 400;\"><br \/><\/span><span style=\"font-weight: 400;\">- a friendly, supportive creative atmosphere<\/span><span style=\"font-weight: 400;\"><br \/><\/span><span style=\"font-weight: 400;\">Children don't need to bring anything - just curiosity, imagination and creativity.<\/span><\/p><p><b>Important information<\/b><span style=\"font-weight: 400;\"><br \/><\/span><span style=\"font-weight: 400;\">- The camp starts with a minimum of 6 participants. If the group is not full, the reservation can be <\/span><span style=\"font-weight: 400;\"><br \/><\/span><span style=\"font-weight: 400;\">\u00a0 \u00a0 \u00a0 \u00a0 \u00a0 \u00a0 \u00a0 \u00a0 \u00a0 can be rescheduled free of charge to another date or programme, at the latest before the start of the programme <\/span><span style=\"font-weight: 400;\"><br \/><\/span><span style=\"font-weight: 400;\">\u00a0 \u00a0 \u00a0 \u00a0 \u00a0 \u00a0 \u00a0 \u00a0 \u00a0 14 days.\u00a0 <\/span><span style=\"font-weight: 400;\"><br \/><\/span><span style=\"font-weight: 400;\">- We can accommodate a maximum of 10 people, so you should book early<\/span><span style=\"font-weight: 400;\"><br \/><\/span><span style=\"font-weight: 400;\">- Location: the Dragonfly Creative School - 7634 P\u00e9cs, \u00dcr\u00f6gi fasor 2\/a<\/span><span style=\"font-weight: 400;\"><br \/><\/span><span style=\"font-weight: 400;\">- Age group: girls and boys aged 8-14<\/span><span style=\"font-weight: 400;\"><br \/><\/span><span style=\"font-weight: 400;\">- Adult education registration number: B\/2020\/008010<\/span><span style=\"font-weight: 400;\"><br \/><\/span><\/p><p><b>Catering<\/b><span style=\"font-weight: 400;\"><br \/><\/span><span style=\"font-weight: 400;\">The participation fee includes a hot lunch once a day and fruit for lunch.<\/span><span style=\"font-weight: 400;\"><br \/><\/span><span style=\"font-weight: 400;\">The food is ordered from gastroking.hu. The price of the camp includes the children's menu (in our experience, this is the quantity that sells out). <\/span><b>Please have the parent choose the appropriate meal by the Thursday of the week before the camp and send us an email<\/b><span style=\"font-weight: 400;\"> (<\/span><a href=\"mailto:szitakotosuli@gmail.com\"><span style=\"font-weight: 400;\">szitakotosuli@gmail.com<\/span><\/a><span style=\"font-weight: 400;\"> ). If you choose another type of menu, you will have to pay the difference. (If you keep your lunch, you can of course take it home.)<\/span><\/p><p><span style=\"font-weight: 400;\">Unfortunately we cannot provide a special diet, but you can bring your own food. <\/span><span style=\"font-weight: 400;\"><br \/><\/span><span style=\"font-weight: 400;\">Without lunch the camp fee is reduced by 8.500 HUF.<\/span><span style=\"font-weight: 400;\"><br \/><\/span><span style=\"font-weight: 400;\"><br \/><\/span><b>Registration and further information<\/b><span style=\"font-weight: 400;\"><br \/><\/span><span style=\"font-weight: 400;\">Vikt\u00f3ria Mark\u00f3<\/span><b> \u00a0 \u00a0 \u00a0 <\/b><span style=\"font-weight: 400;\">\ud83d\udcde<\/span><span style=\"font-weight: 400;\"> +36 30 390 4675<\/span><b>\u00a0 \u00a0 \u00a0 <\/b><span style=\"font-weight: 400;\">\ud83d\udce7<\/span> <a href=\"mailto:szitakotosuli@gmail.com\"><span style=\"font-weight: 400;\">szitakotosuli@gmail.com<\/span><\/a><span style=\"font-weight: 400;\">\u00a0<\/span><\/p>\t\t\t\t\t\t\t\t<\/div>\n\t\t\t\t<\/div>\n\t\t\t\t\t<\/div>\n\t\t<\/div>\n\t\t\t\t\t<\/div>\n\t\t<\/section>\n\t\t\t\t<section class=\"elementor-section elementor-top-section elementor-element elementor-element-3bac05b elementor-section-boxed elementor-section-height-default elementor-section-height-default\" data-id=\"3bac05b\" data-element_type=\"section\" data-e-type=\"section\">\n\t\t\t\t\t\t<div class=\"elementor-container elementor-column-gap-default\">\n\t\t\t\t\t<div class=\"elementor-column elementor-col-100 elementor-top-column elementor-element elementor-element-3159a1b\" data-id=\"3159a1b\" data-element_type=\"column\" data-e-type=\"column\">\n\t\t\t<div class=\"elementor-widget-wrap elementor-element-populated\">\n\t\t\t\t\t\t<div class=\"elementor-element elementor-element-24e56a1 elementor-align-left elementor-widget elementor-widget-button\" data-id=\"24e56a1\" data-element_type=\"widget\" data-e-type=\"widget\" data-widget_type=\"button.default\">\n\t\t\t\t<div class=\"elementor-widget-container\">\n\t\t\t\t\t\t\t\t\t<div class=\"elementor-button-wrapper\">\n\t\t\t\t\t<a class=\"elementor-button elementor-button-link elementor-size-sm\" href=\"#elementor-action%3Aaction%3Dpopup%3Aopen%26settings%3DeyJpZCI6IjI2MDQiLCJ0b2dnbGUiOmZhbHNlfQ%3D%3D\">\n\t\t\t\t\t\t<span class=\"elementor-button-content-wrapper\">\n\t\t\t\t\t\t\t\t\t<span class=\"elementor-button-text\">Sign me up<\/span>\n\t\t\t\t\t<\/span>\n\t\t\t\t\t<\/a>\n\t\t\t\t<\/div>\n\t\t\t\t\t\t\t\t<\/div>\n\t\t\t\t<\/div>\n\t\t\t\t\t<\/div>\n\t\t<\/div>\n\t\t\t\t\t<\/div>\n\t\t<\/section>\n\t\t\t\t<section class=\"elementor-section elementor-top-section elementor-element elementor-element-86aed55 elementor-section-boxed elementor-section-height-default elementor-section-height-default\" data-id=\"86aed55\" data-element_type=\"section\" data-e-type=\"section\">\n\t\t\t\t\t\t<div class=\"elementor-container elementor-column-gap-default\">\n\t\t\t\t\t<div class=\"elementor-column elementor-col-100 elementor-top-column elementor-element elementor-element-10215ca\" data-id=\"10215ca\" data-element_type=\"column\" data-e-type=\"column\">\n\t\t\t<div class=\"elementor-widget-wrap elementor-element-populated\">\n\t\t\t\t\t\t<div class=\"elementor-element elementor-element-324de37 elementor-widget elementor-widget-text-editor\" data-id=\"324de37\" data-element_type=\"widget\" data-e-type=\"widget\" data-widget_type=\"text-editor.default\">\n\t\t\t\t<div class=\"elementor-widget-container\">\n\t\t\t\t\t\t\t\t\t<p><b>Why is this camp good for everyone?<\/b><span style=\"font-weight: 400;\"><br \/><\/span><span style=\"font-weight: 400;\">- Parents can work with peace of mind, knowing that their child is safe, cared for and having a meaningful, creative day.<\/span><span style=\"font-weight: 400;\"><br \/><\/span><span style=\"font-weight: 400;\">- Grandparents are delighted to see their grandchild not sitting in front of a screen, but designing, creating, developing and proudly showing off his or her work.<\/span><span style=\"font-weight: 400;\"><br \/><\/span><span style=\"font-weight: 400;\">- And for the children, it's a real summer experience: creating, making friends, feeling a sense of achievement - and the feeling of saying \u201eI designed this, I made it!\u201d<\/span><\/p><p><span style=\"font-weight: 400;\">Pictures from the 2025 camp: <\/span><a href=\"https:\/\/www.youtube.com\/watch?v=WTTvhgPJQAk&amp;t=14s\"><span style=\"font-weight: 400;\">https:\/\/www.youtube.com\/watch?v=WTTvhgPJQAk&amp;t=14s<\/span><\/a><span style=\"font-weight: 400;\">\u00a0<\/span><\/p>\t\t\t\t\t\t\t\t<\/div>\n\t\t\t\t<\/div>\n\t\t\t\t\t<\/div>\n\t\t<\/div>\n\t\t\t\t\t<\/div>\n\t\t<\/section>\n\t\t\t\t<section class=\"elementor-section elementor-top-section elementor-element elementor-element-1a7f934 elementor-section-boxed elementor-section-height-default elementor-section-height-default\" data-id=\"1a7f934\" data-element_type=\"section\" data-e-type=\"section\">\n\t\t\t\t\t\t<div class=\"elementor-container elementor-column-gap-default\">\n\t\t\t\t\t<div class=\"elementor-column elementor-col-100 elementor-top-column elementor-element elementor-element-450c0b7\" data-id=\"450c0b7\" data-element_type=\"column\" data-e-type=\"column\">\n\t\t\t<div class=\"elementor-widget-wrap elementor-element-populated\">\n\t\t\t\t\t\t<div class=\"elementor-element elementor-element-33a7d77 elementor-align-center elementor-widget elementor-widget-button\" data-id=\"33a7d77\" data-element_type=\"widget\" data-e-type=\"widget\" data-widget_type=\"button.default\">\n\t\t\t\t<div class=\"elementor-widget-container\">\n\t\t\t\t\t\t\t\t\t<div class=\"elementor-button-wrapper\">\n\t\t\t\t\t<a class=\"elementor-button elementor-button-link elementor-size-sm\" href=\"#elementor-action%3Aaction%3Dpopup%3Aopen%26settings%3DeyJpZCI6IjI2MDQiLCJ0b2dnbGUiOmZhbHNlfQ%3D%3D\">\n\t\t\t\t\t\t<span class=\"elementor-button-content-wrapper\">\n\t\t\t\t\t\t\t\t\t<span class=\"elementor-button-text\">Sign me up<\/span>\n\t\t\t\t\t<\/span>\n\t\t\t\t\t<\/a>\n\t\t\t\t<\/div>\n\t\t\t\t\t\t\t\t<\/div>\n\t\t\t\t<\/div>\n\t\t\t\t\t<\/div>\n\t\t<\/div>\n\t\t\t\t\t<\/div>\n\t\t<\/section>\n\t\t\t\t<\/div>","protected":false},"excerpt":{"rendered":"<p>KIS LAKBERENDEZ\u0150 T\u00c1BOR kreat\u00edv ny\u00e1r \u2013 terek, sz\u00ednek \u00e9s apr\u00f3 r\u00e9szletek vil\u00e1ga R\u00e9szv\u00e9teli d\u00edj: 62.000 Ft \/ 5 nap &#8211; p\u00e1ros jelentkez\u00e9s eset\u00e9n 5% kedvezm\u00e9ny El\u0151jelentkez\u00e9si kedvezm\u00e9nyek:\u2013 m\u00e1rcius 15-ig az els\u0151 r\u00e9szlet befizet\u00e9s\u00e9vel \u20137% \/ f\u0151\u2013 \u00e1prilis 30-ig az els\u0151 r\u00e9szlet befizet\u00e9s\u00e9vel \u20135% \/ f\u0151 Id\u0151pont: 2026. j\u00fanius 29. \u2013 j\u00falius 3.\u00a0 8:00-16:00 Jelentkezem A [&hellip;]<\/p>","protected":false},"author":2,"featured_media":0,"parent":0,"menu_order":0,"comment_status":"closed","ping_status":"closed","template":"","meta":{"site-sidebar-layout":"no-sidebar","site-content-layout":"page-builder","ast-site-content-layout":"full-width-container","site-content-style":"default","site-sidebar-style":"default","ast-global-header-display":"","ast-banner-title-visibility":"","ast-main-header-display":"","ast-hfb-above-header-display":"","ast-hfb-below-header-display":"","ast-hfb-mobile-header-display":"","site-post-title":"disabled","ast-breadcrumbs-content":"","ast-featured-img":"disabled","footer-sml-layout":"","ast-disable-related-posts":"","theme-transparent-header-meta":"","adv-header-id-meta":"","stick-header-meta":"","header-above-stick-meta":"","header-main-stick-meta":"","header-below-stick-meta":"","astra-migrate-meta-layouts":"set","ast-page-background-enabled":"default","ast-page-background-meta":{"desktop":{"background-color":"var(--ast-global-color-4)","background-image":"","background-repeat":"repeat","background-position":"center center","background-size":"auto","background-attachment":"scroll","background-type":"","background-media":"","overlay-type":"","overlay-color":"","overlay-opacity":"","overlay-gradient":""},"tablet":{"background-color":"","background-image":"","background-repeat":"repeat","background-position":"center center","background-size":"auto","background-attachment":"scroll","background-type":"","background-media":"","overlay-type":"","overlay-color":"","overlay-opacity":"","overlay-gradient":""},"mobile":{"background-color":"","background-image":"","background-repeat":"repeat","background-position":"center center","background-size":"auto","background-attachment":"scroll","background-type":"","background-media":"","overlay-type":"","overlay-color":"","overlay-opacity":"","overlay-gradient":""}},"ast-content-background-meta":{"desktop":{"background-color":"var(--ast-global-color-5)","background-image":"","background-repeat":"repeat","background-position":"center center","background-size":"auto","background-attachment":"scroll","background-type":"","background-media":"","overlay-type":"","overlay-color":"","overlay-opacity":"","overlay-gradient":""},"tablet":{"background-color":"var(--ast-global-color-5)","background-image":"","background-repeat":"repeat","background-position":"center center","background-size":"auto","background-attachment":"scroll","background-type":"","background-media":"","overlay-type":"","overlay-color":"","overlay-opacity":"","overlay-gradient":""},"mobile":{"background-color":"var(--ast-global-color-5)","background-image":"","background-repeat":"repeat","background-position":"center center","background-size":"auto","background-attachment":"scroll","background-type":"","background-media":"","overlay-type":"","overlay-color":"","overlay-opacity":"","overlay-gradient":""}},"footnotes":""},"class_list":["post-1950","page","type-page","status-publish","hentry"],"_links":{"self":[{"href":"https:\/\/szitakotokreativsuli.nortak.hu\/en\/wp-json\/wp\/v2\/pages\/1950","targetHints":{"allow":["GET"]}}],"collection":[{"href":"https:\/\/szitakotokreativsuli.nortak.hu\/en\/wp-json\/wp\/v2\/pages"}],"about":[{"href":"https:\/\/szitakotokreativsuli.nortak.hu\/en\/wp-json\/wp\/v2\/types\/page"}],"author":[{"embeddable":true,"href":"https:\/\/szitakotokreativsuli.nortak.hu\/en\/wp-json\/wp\/v2\/users\/2"}],"replies":[{"embeddable":true,"href":"https:\/\/szitakotokreativsuli.nortak.hu\/en\/wp-json\/wp\/v2\/comments?post=1950"}],"version-history":[{"count":37,"href":"https:\/\/szitakotokreativsuli.nortak.hu\/en\/wp-json\/wp\/v2\/pages\/1950\/revisions"}],"predecessor-version":[{"id":2681,"href":"https:\/\/szitakotokreativsuli.nortak.hu\/en\/wp-json\/wp\/v2\/pages\/1950\/revisions\/2681"}],"wp:attachment":[{"href":"https:\/\/szitakotokreativsuli.nortak.hu\/en\/wp-json\/wp\/v2\/media?parent=1950"}],"curies":[{"name":"wp","href":"https:\/\/api.w.org\/{rel}","templated":true}]}}