{"id":1915,"date":"2025-12-13T16:19:41","date_gmt":"2025-12-13T16:19:41","guid":{"rendered":"https:\/\/szitakotokreativsuli.nortak.hu\/?page_id=1915"},"modified":"2026-02-06T14:59:22","modified_gmt":"2026-02-06T14:59:22","slug":"varrd-keszre-halado","status":"publish","type":"page","link":"https:\/\/szitakotokreativsuli.nortak.hu\/en\/varrd-keszre-halado\/","title":{"rendered":"READY! (advanced)"},"content":{"rendered":"<div data-elementor-type=\"wp-page\" data-elementor-id=\"1915\" class=\"elementor elementor-1915\" data-elementor-post-type=\"page\">\n\t\t\t\t\t\t<section class=\"elementor-section elementor-top-section elementor-element elementor-element-835493e elementor-section-boxed elementor-section-height-default elementor-section-height-default\" data-id=\"835493e\" data-element_type=\"section\" data-e-type=\"section\">\n\t\t\t\t\t\t<div class=\"elementor-container elementor-column-gap-default\">\n\t\t\t\t\t<div class=\"elementor-column elementor-col-100 elementor-top-column elementor-element elementor-element-5c47424\" data-id=\"5c47424\" data-element_type=\"column\" data-e-type=\"column\">\n\t\t\t<div class=\"elementor-widget-wrap elementor-element-populated\">\n\t\t\t\t\t\t<div class=\"elementor-element elementor-element-7d84799 elementor-widget elementor-widget-spacer\" data-id=\"7d84799\" data-element_type=\"widget\" data-e-type=\"widget\" data-widget_type=\"spacer.default\">\n\t\t\t\t<div class=\"elementor-widget-container\">\n\t\t\t\t\t\t\t<div class=\"elementor-spacer\">\n\t\t\t<div class=\"elementor-spacer-inner\"><\/div>\n\t\t<\/div>\n\t\t\t\t\t\t<\/div>\n\t\t\t\t<\/div>\n\t\t\t\t\t<\/div>\n\t\t<\/div>\n\t\t\t\t\t<\/div>\n\t\t<\/section>\n\t\t\t\t<section class=\"elementor-section elementor-top-section elementor-element elementor-element-0ed789f elementor-section-boxed elementor-section-height-default elementor-section-height-default\" data-id=\"0ed789f\" data-element_type=\"section\" data-e-type=\"section\">\n\t\t\t\t\t\t<div class=\"elementor-container elementor-column-gap-default\">\n\t\t\t\t\t<div class=\"elementor-column elementor-col-100 elementor-top-column elementor-element elementor-element-d45169d\" data-id=\"d45169d\" data-element_type=\"column\" data-e-type=\"column\">\n\t\t\t<div class=\"elementor-widget-wrap elementor-element-populated\">\n\t\t\t\t\t\t<div class=\"elementor-element elementor-element-02c953a elementor-widget elementor-widget-heading\" data-id=\"02c953a\" data-element_type=\"widget\" data-e-type=\"widget\" data-widget_type=\"heading.default\">\n\t\t\t\t<div class=\"elementor-widget-container\">\n\t\t\t\t\t<h3 class=\"elementor-heading-title elementor-size-default\">VARRD K\u00c9SZRE! <\/h3>\t\t\t\t<\/div>\n\t\t\t\t<\/div>\n\t\t\t\t\t<\/div>\n\t\t<\/div>\n\t\t\t\t\t<\/div>\n\t\t<\/section>\n\t\t\t\t<section class=\"elementor-section elementor-top-section elementor-element elementor-element-efd91c7 elementor-section-boxed elementor-section-height-default elementor-section-height-default\" data-id=\"efd91c7\" data-element_type=\"section\" data-e-type=\"section\">\n\t\t\t\t\t\t<div class=\"elementor-container elementor-column-gap-default\">\n\t\t\t\t\t<div class=\"elementor-column elementor-col-100 elementor-top-column elementor-element elementor-element-3bb325e\" data-id=\"3bb325e\" data-element_type=\"column\" data-e-type=\"column\">\n\t\t\t<div class=\"elementor-widget-wrap elementor-element-populated\">\n\t\t\t\t\t\t<div class=\"elementor-element elementor-element-28a3d6b elementor-widget elementor-widget-text-editor\" data-id=\"28a3d6b\" data-element_type=\"widget\" data-e-type=\"widget\" data-widget_type=\"text-editor.default\">\n\t\t\t\t<div class=\"elementor-widget-container\">\n\t\t\t\t\t\t\t\t\t<p>Seg\u00edts\u00e9g, ha elakadt\u00e1l<\/p><p><span style=\"font-weight: 400;\">3 \u00f3r\u00e1s workshop azoknak, akik szeretn\u00e9k befejezni vagy \u00e1talak\u00edtani a megkezdett munk\u00e1jukat<\/span><\/p>\t\t\t\t\t\t\t\t<\/div>\n\t\t\t\t<\/div>\n\t\t\t\t\t<\/div>\n\t\t<\/div>\n\t\t\t\t\t<\/div>\n\t\t<\/section>\n\t\t\t\t<section class=\"elementor-section elementor-top-section elementor-element elementor-element-7f61c29 elementor-section-boxed elementor-section-height-default elementor-section-height-default\" data-id=\"7f61c29\" data-element_type=\"section\" data-e-type=\"section\">\n\t\t\t\t\t\t<div class=\"elementor-container elementor-column-gap-default\">\n\t\t\t\t\t<div class=\"elementor-column elementor-col-100 elementor-top-column elementor-element elementor-element-d0e502b\" data-id=\"d0e502b\" data-element_type=\"column\" data-e-type=\"column\">\n\t\t\t<div class=\"elementor-widget-wrap\">\n\t\t\t\t\t\t\t<\/div>\n\t\t<\/div>\n\t\t\t\t\t<\/div>\n\t\t<\/section>\n\t\t\t\t<section class=\"elementor-section elementor-top-section elementor-element elementor-element-3c1cdf3 elementor-section-boxed elementor-section-height-default elementor-section-height-default\" data-id=\"3c1cdf3\" data-element_type=\"section\" data-e-type=\"section\">\n\t\t\t\t\t\t<div class=\"elementor-container elementor-column-gap-default\">\n\t\t\t\t\t<div class=\"elementor-column elementor-col-50 elementor-top-column elementor-element elementor-element-d7dd876\" data-id=\"d7dd876\" data-element_type=\"column\" data-e-type=\"column\">\n\t\t\t<div class=\"elementor-widget-wrap elementor-element-populated\">\n\t\t\t\t\t\t<div class=\"elementor-element elementor-element-ae22a9d elementor-widget__width-initial elementor-widget elementor-widget-text-editor\" data-id=\"ae22a9d\" data-element_type=\"widget\" data-e-type=\"widget\" data-widget_type=\"text-editor.default\">\n\t\t\t\t<div class=\"elementor-widget-container\">\n\t\t\t\t\t\t\t\t\t<p><span style=\"font-weight: 400;\">D\u00edj: 7.000,- ft\u00a0 &#8211;\u00a0<em>p\u00e1ros jelentkez\u00e9s eset\u00e9n kedvezm\u00e9ny 10%\/f\u0151<\/em><\/span><\/p><p><span style=\"font-weight: 400;\">Duration:<\/span><span style=\"font-weight: 400;\"> 3 \u00f3ra <\/span><\/p><p><span style=\"font-weight: 400;\">h\u00e9tf\u0151n, szerd\u00e1n 9:00-12:00, cs\u00fct\u00f6rt\u00f6k\u00f6n 16:45-19:45<\/span><\/p>\t\t\t\t\t\t\t\t<\/div>\n\t\t\t\t<\/div>\n\t\t\t\t<div class=\"elementor-element elementor-element-0870e09 elementor-align-center elementor-widget elementor-widget-button\" data-id=\"0870e09\" data-element_type=\"widget\" data-e-type=\"widget\" data-widget_type=\"button.default\">\n\t\t\t\t<div class=\"elementor-widget-container\">\n\t\t\t\t\t\t\t\t\t<div class=\"elementor-button-wrapper\">\n\t\t\t\t\t<a class=\"elementor-button elementor-button-link elementor-size-sm\" href=\"#elementor-action%3Aaction%3Dpopup%3Aopen%26settings%3DeyJpZCI6IjIxODkiLCJ0b2dnbGUiOmZhbHNlfQ%3D%3D\">\n\t\t\t\t\t\t<span class=\"elementor-button-content-wrapper\">\n\t\t\t\t\t\t\t\t\t<span class=\"elementor-button-text\">Sign me up<\/span>\n\t\t\t\t\t<\/span>\n\t\t\t\t\t<\/a>\n\t\t\t\t<\/div>\n\t\t\t\t\t\t\t\t<\/div>\n\t\t\t\t<\/div>\n\t\t\t\t\t<\/div>\n\t\t<\/div>\n\t\t\t\t<div class=\"elementor-column elementor-col-50 elementor-top-column elementor-element elementor-element-f3194c6\" data-id=\"f3194c6\" data-element_type=\"column\" data-e-type=\"column\">\n\t\t\t<div class=\"elementor-widget-wrap elementor-element-populated\">\n\t\t\t\t\t\t<div class=\"elementor-element elementor-element-bc6b133 elementor-widget elementor-widget-image\" data-id=\"bc6b133\" data-element_type=\"widget\" data-e-type=\"widget\" data-widget_type=\"image.default\">\n\t\t\t\t<div class=\"elementor-widget-container\">\n\t\t\t\t\t\t\t\t\t\t\t\t\t\t\t<img fetchpriority=\"high\" decoding=\"async\" width=\"768\" height=\"512\" src=\"https:\/\/szitakotokreativsuli.nortak.hu\/wp-content\/uploads\/2025\/12\/9-768x512.png\" class=\"attachment-medium_large size-medium_large wp-image-1515\" alt=\"VARRD K\u00c9SZRE!\" srcset=\"https:\/\/szitakotokreativsuli.nortak.hu\/wp-content\/uploads\/2025\/12\/9-768x512.png 768w, https:\/\/szitakotokreativsuli.nortak.hu\/wp-content\/uploads\/2025\/12\/9-600x400.png 600w, https:\/\/szitakotokreativsuli.nortak.hu\/wp-content\/uploads\/2025\/12\/9-300x200.png 300w, https:\/\/szitakotokreativsuli.nortak.hu\/wp-content\/uploads\/2025\/12\/9-1024x683.png 1024w, https:\/\/szitakotokreativsuli.nortak.hu\/wp-content\/uploads\/2025\/12\/9.png 1200w\" sizes=\"(max-width: 768px) 100vw, 768px\" \/>\t\t\t\t\t\t\t\t\t\t\t\t\t\t\t<\/div>\n\t\t\t\t<\/div>\n\t\t\t\t\t<\/div>\n\t\t<\/div>\n\t\t\t\t\t<\/div>\n\t\t<\/section>\n\t\t\t\t<section class=\"elementor-section elementor-top-section elementor-element elementor-element-1ee7674 elementor-section-boxed elementor-section-height-default elementor-section-height-default\" data-id=\"1ee7674\" data-element_type=\"section\" data-e-type=\"section\">\n\t\t\t\t\t\t<div class=\"elementor-container elementor-column-gap-default\">\n\t\t\t\t\t<div class=\"elementor-column elementor-col-100 elementor-top-column elementor-element elementor-element-52b6185\" data-id=\"52b6185\" data-element_type=\"column\" data-e-type=\"column\">\n\t\t\t<div class=\"elementor-widget-wrap elementor-element-populated\">\n\t\t\t\t\t\t<div class=\"elementor-element elementor-element-61893bc elementor-widget elementor-widget-spacer\" data-id=\"61893bc\" data-element_type=\"widget\" data-e-type=\"widget\" data-widget_type=\"spacer.default\">\n\t\t\t\t<div class=\"elementor-widget-container\">\n\t\t\t\t\t\t\t<div class=\"elementor-spacer\">\n\t\t\t<div class=\"elementor-spacer-inner\"><\/div>\n\t\t<\/div>\n\t\t\t\t\t\t<\/div>\n\t\t\t\t<\/div>\n\t\t\t\t\t<\/div>\n\t\t<\/div>\n\t\t\t\t\t<\/div>\n\t\t<\/section>\n\t\t\t\t<section class=\"elementor-section elementor-top-section elementor-element elementor-element-b1a873c elementor-section-boxed elementor-section-height-default elementor-section-height-default\" data-id=\"b1a873c\" data-element_type=\"section\" data-e-type=\"section\">\n\t\t\t\t\t\t<div class=\"elementor-container elementor-column-gap-default\">\n\t\t\t\t\t<div class=\"elementor-column elementor-col-100 elementor-top-column elementor-element elementor-element-6c5a1e0\" data-id=\"6c5a1e0\" data-element_type=\"column\" data-e-type=\"column\">\n\t\t\t<div class=\"elementor-widget-wrap elementor-element-populated\">\n\t\t\t\t\t\t<div class=\"elementor-element elementor-element-b85d66f elementor-widget elementor-widget-text-editor\" data-id=\"b85d66f\" data-element_type=\"widget\" data-e-type=\"widget\" data-widget_type=\"text-editor.default\">\n\t\t\t\t<div class=\"elementor-widget-container\">\n\t\t\t\t\t\t\t\t\t<p>A Varrd K\u00e9szre! azoknak sz\u00f3l, akik m\u00e1r tudnak varrni, de n\u00e9ha m\u00e9gis sz\u00fcks\u00e9g\u00fck van egy kis szakmai t\u00e1mogat\u00e1sra. Tal\u00e1n elkezdt\u00e9l egy ruhadarabot, de valahol megakadt\u00e1l. Vagy sz\u00edvesen \u00e1talak\u00edtan\u00e1l egy megl\u00e9v\u0151 kedvenc darabot, csak nem vagy biztos a megfelel\u0151 technik\u00e1ban. Esetleg j\u00f3 lenne egy szak\u00e9rt\u0151, aki v\u00e9gigk\u00eds\u00e9r, megmutatja a helyes l\u00e9p\u00e9seket, \u00e9s seg\u00edt gyorsan tov\u00e1bb lend\u00fclni.<br \/>Ez a 3 \u00f3r\u00e1s workshop egy maxim\u00e1lisan szem\u00e9lyre szabott alkalom, ahol minden r\u00e9sztvev\u0151 a saj\u00e1t projektj\u00e9n dolgozik. Mi pedig ott vagyunk, \u00e9s seg\u00edt\u00fcnk megoldani mindent, amire eddig nem tal\u00e1lt\u00e1l v\u00e1laszt.<\/p><p><strong>Important information<\/strong><br \/>&#8211; A tanfolyamok minimum 6 f\u0151 jelentkez\u00e9se eset\u00e9n indulnak. Ha a csoport nem telik meg, a foglal\u00e1s ingyenesen \u00e1t\u00fctemezhet\u0151 egy m\u00e1sik id\u0151pontra vagy programra, legk\u00e9s\u0151bb a kezd\u00e9s el\u0151tt 14 nappal.<br \/>&#8211; Feln\u0151ttk\u00e9pz\u00e9si nyilv\u00e1ntart\u00e1si sz\u00e1m: B\/2020\/008010<\/p><p><strong>Who is it for?<\/strong><\/p><ul><li>azoknak, akik m\u00e1r tudnak varrni, de id\u0151nk\u00e9nt elakadnak<\/li><li>akik elkezdtek egy projektet, de nem tudj\u00e1k befejezni<\/li><li>akik r\u00e9gi vagy \u00faj ruh\u00e1t szeretn\u00e9nek \u00e1tszabni, fel\u00faj\u00edtani<\/li><li>akik szeretn\u00e9nek egy magazinb\u00f3l kivett szab\u00e1smint\u00e1t a maguk m\u00e9reteire \u00e1talak\u00edtani<\/li><li>akik bizonytalanok egy-egy technikai l\u00e9p\u00e9sben<\/li><li>kreat\u00edv alkot\u00f3knak, akiknek j\u00f3l j\u00f6n a szakmai h\u00e1tt\u00e9rt\u00e1mogat\u00e1s<\/li><li>halad\u00f3knak, akik egyedi projektbe fogn\u00e1nak, de szeretn\u00e9k \u00e1tbesz\u00e9lni a kivitelez\u00e9st<\/li><li>akiknek nincs otthon varr\u00f3g\u00e9p\u00fck vagy el\u00e9g hely\u00fck a szab\u00e1s-varr\u00e1sra<\/li><li>akik sz\u00edvesebben varrnak kellemes k\u00f6z\u00f6ss\u00e9gben, mint egyed\u00fcl<\/li><\/ul><p>Ez a workshop nem alapoz\u00f3 jelleg\u0171, hanem ir\u00e1nyt mutat\u00f3, fejleszt\u0151, inspir\u00e1l\u00f3 \u201ementor\u00f3ra\u201d, ahol a saj\u00e1t munkafolyamatod ker\u00fcl a k\u00f6z\u00e9ppontba.<\/p><p><strong>Mit hozhatsz magaddal?<\/strong><br \/>B\u00e1rmilyen megkezdett vagy tervezett darabot, p\u00e9ld\u00e1ul:<\/p><ul><li>f\u00e9lk\u00e9sz szokny\u00e1t, ruh\u00e1t, fels\u0151t<\/li><li>nadr\u00e1got, amit sz\u0171k\u00edten\u00e9l vagy r\u00f6vid\u00edten\u00e9l, cipz\u00e1rozn\u00e1l<\/li><li>kab\u00e1tot, amit fel\u00faj\u00edtan\u00e1l, b\u00e9l\u00e9st cser\u00e9ln\u00e9l<\/li><li>t\u00e1sk\u00e1t vagy kieg\u00e9sz\u00edt\u0151t<\/li><li>textileket, amelyeket \u00e1talak\u00edtan\u00e1l<\/li><li>egy kor\u00e1bbi tanfolyamr\u00f3l maradt projektet, amit befejezn\u00e9l<br \/>Csak hozd magaddal, \u00e9s egy\u00fctt kital\u00e1ljuk a legjobb megold\u00e1st.<\/li><\/ul>\t\t\t\t\t\t\t\t<\/div>\n\t\t\t\t<\/div>\n\t\t\t\t<div class=\"elementor-element elementor-element-fd42df2 elementor-align-left elementor-widget elementor-widget-button\" data-id=\"fd42df2\" data-element_type=\"widget\" data-e-type=\"widget\" data-widget_type=\"button.default\">\n\t\t\t\t<div class=\"elementor-widget-container\">\n\t\t\t\t\t\t\t\t\t<div class=\"elementor-button-wrapper\">\n\t\t\t\t\t<a class=\"elementor-button elementor-button-link elementor-size-sm\" href=\"#elementor-action%3Aaction%3Dpopup%3Aopen%26settings%3DeyJpZCI6IjIxODkiLCJ0b2dnbGUiOmZhbHNlfQ%3D%3D\">\n\t\t\t\t\t\t<span class=\"elementor-button-content-wrapper\">\n\t\t\t\t\t\t\t\t\t<span class=\"elementor-button-text\">Sign me up<\/span>\n\t\t\t\t\t<\/span>\n\t\t\t\t\t<\/a>\n\t\t\t\t<\/div>\n\t\t\t\t\t\t\t\t<\/div>\n\t\t\t\t<\/div>\n\t\t\t\t\t<\/div>\n\t\t<\/div>\n\t\t\t\t\t<\/div>\n\t\t<\/section>\n\t\t\t\t<section class=\"elementor-section elementor-top-section elementor-element elementor-element-c51887b elementor-section-boxed elementor-section-height-default elementor-section-height-default\" data-id=\"c51887b\" data-element_type=\"section\" data-e-type=\"section\">\n\t\t\t\t\t\t<div class=\"elementor-container elementor-column-gap-default\">\n\t\t\t\t\t<div class=\"elementor-column elementor-col-100 elementor-top-column elementor-element elementor-element-f55d13c\" data-id=\"f55d13c\" data-element_type=\"column\" data-e-type=\"column\">\n\t\t\t<div class=\"elementor-widget-wrap elementor-element-populated\">\n\t\t\t\t\t\t<div class=\"elementor-element elementor-element-ac30153 elementor-widget elementor-widget-text-editor\" data-id=\"ac30153\" data-element_type=\"widget\" data-e-type=\"widget\" data-widget_type=\"text-editor.default\">\n\t\t\t\t<div class=\"elementor-widget-container\">\n\t\t\t\t\t\t\t\t\t<p><strong>Mire sz\u00e1m\u00edthatsz a workshopon?<\/strong><\/p><p><strong>1.Gyors helyzetfelm\u00e9r\u00e9s<\/strong><\/p><ul><li>Megn\u00e9zz\u00fck, hol tartasz a projektben.<\/li><li>Megbesz\u00e9lj\u00fck, milyen v\u00e9gs\u0151 c\u00e9lt szeretn\u00e9l el\u00e9rni.<\/li><li>Eld\u00f6ntj\u00fck, milyen technik\u00e1val lesz a legszebb az eredm\u00e9ny.<\/li><\/ul><p><strong>2.Gyakorlati seg\u00edts\u00e9g \u00e9s \u00fatmutat\u00e1s<\/strong><\/p><ul><li>Megmutatjuk, hogyan folytasd a megkezdett munk\u00e1t.<\/li><li>Seg\u00edt\u00fcnk a bonyolultabb r\u00e9szekn\u00e9l.<\/li><li>Ha kell, egy\u00fctt szabjuk \u00e1t vagy igaz\u00edtjuk r\u00e1d.<\/li><li>Megtan\u00edtjuk, hogyan ker\u00fclheted el a leggyakoribb hib\u00e1kat<\/li><\/ul><p><strong>3. Technikai tud\u00e1sfejleszt\u00e9s menet k\u00f6zben<\/strong><br \/>A te projekted hat\u00e1rozza meg, milyen technik\u00e1k ker\u00fclnek el\u0151 \u2013 de legink\u00e1bb ezek:<\/p><ul><li>sz\u0171k\u00edt\u00e9s, b\u0151v\u00edt\u00e9s<\/li><li>tiszt\u00e1z\u00f3 varr\u00e1sok<\/li><li>t\u0171z\u00e9s, felvarr\u00e1sok<\/li><li>der\u00e9k- vagy ujjr\u00e9sz igaz\u00edt\u00e1s<\/li><li>cipz\u00e1rak jav\u00edt\u00e1sa, bevarr\u00e1sa<\/li><li>elromlott varr\u00e1sok korrig\u00e1l\u00e1sa<br \/>Mindezt gyakorlatban, a saj\u00e1t darabodon tanulod meg, \u00edgy sokkal k\u00f6nnyebben r\u00f6gz\u00fcl a tud\u00e1s.<\/li><\/ul><p><strong>Mit\u0151l k\u00fcl\u00f6nleges ez a workshop?<\/strong><\/p><ul><li>Teljesen szem\u00e9lyre szabott: mindenki a saj\u00e1t munk\u00e1j\u00e1val foglalkozik.<\/li><li>R\u00f6vid id\u0151 alatt nagy el\u0151rel\u00e9p\u00e9st \u00e9rhetsz el.<\/li><li>Szak\u00e9rt\u0151i seg\u00edts\u00e9get kapsz pont ott, ahol sz\u00fcks\u00e9ged van r\u00e1.<\/li><li>K\u00e9zzelfoghat\u00f3 eredm\u00e9nyt viszel haza: egy befejezett vagy \u00e1talak\u00edtott darabot.<\/li><li>\u00d6nbizalmat \u00e9p\u00edt: sok r\u00e9sztvev\u0151 innen kap \u00faj lend\u00fcletet nagyobb, izgalmasabb projektekhez.<\/li><\/ul>\t\t\t\t\t\t\t\t<\/div>\n\t\t\t\t<\/div>\n\t\t\t\t<div class=\"elementor-element elementor-element-d8a7990 elementor-align-center elementor-widget elementor-widget-button\" data-id=\"d8a7990\" data-element_type=\"widget\" data-e-type=\"widget\" data-widget_type=\"button.default\">\n\t\t\t\t<div class=\"elementor-widget-container\">\n\t\t\t\t\t\t\t\t\t<div class=\"elementor-button-wrapper\">\n\t\t\t\t\t<a class=\"elementor-button elementor-button-link elementor-size-sm\" href=\"#elementor-action%3Aaction%3Dpopup%3Aopen%26settings%3DeyJpZCI6IjIxODkiLCJ0b2dnbGUiOmZhbHNlfQ%3D%3D\">\n\t\t\t\t\t\t<span class=\"elementor-button-content-wrapper\">\n\t\t\t\t\t\t\t\t\t<span class=\"elementor-button-text\">Sign me up<\/span>\n\t\t\t\t\t<\/span>\n\t\t\t\t\t<\/a>\n\t\t\t\t<\/div>\n\t\t\t\t\t\t\t\t<\/div>\n\t\t\t\t<\/div>\n\t\t\t\t\t<\/div>\n\t\t<\/div>\n\t\t\t\t\t<\/div>\n\t\t<\/section>\n\t\t\t\t<\/div>","protected":false},"excerpt":{"rendered":"<p>VARRD K\u00c9SZRE! Seg\u00edts\u00e9g, ha elakadt\u00e1l 3 \u00f3r\u00e1s workshop azoknak, akik szeretn\u00e9k befejezni vagy \u00e1talak\u00edtani a megkezdett munk\u00e1jukat D\u00edj: 7.000,- ft\u00a0 &#8211;\u00a0p\u00e1ros jelentkez\u00e9s eset\u00e9n kedvezm\u00e9ny 10%\/f\u0151 Id\u0151tartam: 3 \u00f3ra h\u00e9tf\u0151n, szerd\u00e1n 9:00-12:00, cs\u00fct\u00f6rt\u00f6k\u00f6n 16:45-19:45 Jelentkezem A Varrd K\u00e9szre! azoknak sz\u00f3l, akik m\u00e1r tudnak varrni, de n\u00e9ha m\u00e9gis sz\u00fcks\u00e9g\u00fck van egy kis szakmai t\u00e1mogat\u00e1sra. Tal\u00e1n elkezdt\u00e9l egy [&hellip;]<\/p>","protected":false},"author":2,"featured_media":0,"parent":0,"menu_order":0,"comment_status":"closed","ping_status":"closed","template":"","meta":{"site-sidebar-layout":"no-sidebar","site-content-layout":"page-builder","ast-site-content-layout":"full-width-container","site-content-style":"default","site-sidebar-style":"default","ast-global-header-display":"","ast-banner-title-visibility":"","ast-main-header-display":"","ast-hfb-above-header-display":"","ast-hfb-below-header-display":"","ast-hfb-mobile-header-display":"","site-post-title":"disabled","ast-breadcrumbs-content":"","ast-featured-img":"disabled","footer-sml-layout":"","ast-disable-related-posts":"","theme-transparent-header-meta":"","adv-header-id-meta":"","stick-header-meta":"","header-above-stick-meta":"","header-main-stick-meta":"","header-below-stick-meta":"","astra-migrate-meta-layouts":"set","ast-page-background-enabled":"default","ast-page-background-meta":{"desktop":{"background-color":"var(--ast-global-color-4)","background-image":"","background-repeat":"repeat","background-position":"center center","background-size":"auto","background-attachment":"scroll","background-type":"","background-media":"","overlay-type":"","overlay-color":"","overlay-opacity":"","overlay-gradient":""},"tablet":{"background-color":"","background-image":"","background-repeat":"repeat","background-position":"center center","background-size":"auto","background-attachment":"scroll","background-type":"","background-media":"","overlay-type":"","overlay-color":"","overlay-opacity":"","overlay-gradient":""},"mobile":{"background-color":"","background-image":"","background-repeat":"repeat","background-position":"center center","background-size":"auto","background-attachment":"scroll","background-type":"","background-media":"","overlay-type":"","overlay-color":"","overlay-opacity":"","overlay-gradient":""}},"ast-content-background-meta":{"desktop":{"background-color":"var(--ast-global-color-5)","background-image":"","background-repeat":"repeat","background-position":"center center","background-size":"auto","background-attachment":"scroll","background-type":"","background-media":"","overlay-type":"","overlay-color":"","overlay-opacity":"","overlay-gradient":""},"tablet":{"background-color":"var(--ast-global-color-5)","background-image":"","background-repeat":"repeat","background-position":"center center","background-size":"auto","background-attachment":"scroll","background-type":"","background-media":"","overlay-type":"","overlay-color":"","overlay-opacity":"","overlay-gradient":""},"mobile":{"background-color":"var(--ast-global-color-5)","background-image":"","background-repeat":"repeat","background-position":"center center","background-size":"auto","background-attachment":"scroll","background-type":"","background-media":"","overlay-type":"","overlay-color":"","overlay-opacity":"","overlay-gradient":""}},"footnotes":""},"class_list":["post-1915","page","type-page","status-publish","hentry"],"_links":{"self":[{"href":"https:\/\/szitakotokreativsuli.nortak.hu\/en\/wp-json\/wp\/v2\/pages\/1915","targetHints":{"allow":["GET"]}}],"collection":[{"href":"https:\/\/szitakotokreativsuli.nortak.hu\/en\/wp-json\/wp\/v2\/pages"}],"about":[{"href":"https:\/\/szitakotokreativsuli.nortak.hu\/en\/wp-json\/wp\/v2\/types\/page"}],"author":[{"embeddable":true,"href":"https:\/\/szitakotokreativsuli.nortak.hu\/en\/wp-json\/wp\/v2\/users\/2"}],"replies":[{"embeddable":true,"href":"https:\/\/szitakotokreativsuli.nortak.hu\/en\/wp-json\/wp\/v2\/comments?post=1915"}],"version-history":[{"count":28,"href":"https:\/\/szitakotokreativsuli.nortak.hu\/en\/wp-json\/wp\/v2\/pages\/1915\/revisions"}],"predecessor-version":[{"id":2669,"href":"https:\/\/szitakotokreativsuli.nortak.hu\/en\/wp-json\/wp\/v2\/pages\/1915\/revisions\/2669"}],"wp:attachment":[{"href":"https:\/\/szitakotokreativsuli.nortak.hu\/en\/wp-json\/wp\/v2\/media?parent=1915"}],"curies":[{"name":"wp","href":"https:\/\/api.w.org\/{rel}","templated":true}]}}