{"id":1874,"date":"2025-12-13T13:14:17","date_gmt":"2025-12-13T13:14:17","guid":{"rendered":"https:\/\/szitakotokreativsuli.nortak.hu\/?page_id=1874"},"modified":"2026-02-06T14:58:39","modified_gmt":"2026-02-06T14:58:39","slug":"vardviddtaskavarro","status":"publish","type":"page","link":"https:\/\/szitakotokreativsuli.nortak.hu\/en\/vardviddtaskavarro\/","title":{"rendered":"VARRD&#038;VIDD! (t\u00e1skavarr\u00f3)"},"content":{"rendered":"<div data-elementor-type=\"wp-page\" data-elementor-id=\"1874\" class=\"elementor elementor-1874\" data-elementor-post-type=\"page\">\n\t\t\t\t\t\t<section class=\"elementor-section elementor-top-section elementor-element elementor-element-835493e elementor-section-boxed elementor-section-height-default elementor-section-height-default\" data-id=\"835493e\" data-element_type=\"section\" data-e-type=\"section\">\n\t\t\t\t\t\t<div class=\"elementor-container elementor-column-gap-default\">\n\t\t\t\t\t<div class=\"elementor-column elementor-col-100 elementor-top-column elementor-element elementor-element-5c47424\" data-id=\"5c47424\" data-element_type=\"column\" data-e-type=\"column\">\n\t\t\t<div class=\"elementor-widget-wrap elementor-element-populated\">\n\t\t\t\t\t\t<div class=\"elementor-element elementor-element-7d84799 elementor-widget elementor-widget-spacer\" data-id=\"7d84799\" data-element_type=\"widget\" data-e-type=\"widget\" data-widget_type=\"spacer.default\">\n\t\t\t\t<div class=\"elementor-widget-container\">\n\t\t\t\t\t\t\t<div class=\"elementor-spacer\">\n\t\t\t<div class=\"elementor-spacer-inner\"><\/div>\n\t\t<\/div>\n\t\t\t\t\t\t<\/div>\n\t\t\t\t<\/div>\n\t\t\t\t\t<\/div>\n\t\t<\/div>\n\t\t\t\t\t<\/div>\n\t\t<\/section>\n\t\t\t\t<section class=\"elementor-section elementor-top-section elementor-element elementor-element-0ed789f elementor-section-boxed elementor-section-height-default elementor-section-height-default\" data-id=\"0ed789f\" data-element_type=\"section\" data-e-type=\"section\">\n\t\t\t\t\t\t<div class=\"elementor-container elementor-column-gap-default\">\n\t\t\t\t\t<div class=\"elementor-column elementor-col-100 elementor-top-column elementor-element elementor-element-d45169d\" data-id=\"d45169d\" data-element_type=\"column\" data-e-type=\"column\">\n\t\t\t<div class=\"elementor-widget-wrap elementor-element-populated\">\n\t\t\t\t\t\t<div class=\"elementor-element elementor-element-02c953a elementor-widget elementor-widget-heading\" data-id=\"02c953a\" data-element_type=\"widget\" data-e-type=\"widget\" data-widget_type=\"heading.default\">\n\t\t\t\t<div class=\"elementor-widget-container\">\n\t\t\t\t\t<h3 class=\"elementor-heading-title elementor-size-default\">VARRD &amp; VIDD! (bag winder) <\/h3>\t\t\t\t<\/div>\n\t\t\t\t<\/div>\n\t\t\t\t\t<\/div>\n\t\t<\/div>\n\t\t\t\t\t<\/div>\n\t\t<\/section>\n\t\t\t\t<section class=\"elementor-section elementor-top-section elementor-element elementor-element-efd91c7 elementor-section-boxed elementor-section-height-default elementor-section-height-default\" data-id=\"efd91c7\" data-element_type=\"section\" data-e-type=\"section\">\n\t\t\t\t\t\t<div class=\"elementor-container elementor-column-gap-default\">\n\t\t\t\t\t<div class=\"elementor-column elementor-col-100 elementor-top-column elementor-element elementor-element-3bb325e\" data-id=\"3bb325e\" data-element_type=\"column\" data-e-type=\"column\">\n\t\t\t<div class=\"elementor-widget-wrap elementor-element-populated\">\n\t\t\t\t\t\t<div class=\"elementor-element elementor-element-28a3d6b elementor-widget elementor-widget-text-editor\" data-id=\"28a3d6b\" data-element_type=\"widget\" data-e-type=\"widget\" data-widget_type=\"text-editor.default\">\n\t\t\t\t<div class=\"elementor-widget-container\">\n\t\t\t\t\t\t\t\t\t<p>Textil bev\u00e1s\u00e1rl\u00f3 v\u00e1llt\u00e1ska varr\u00e1sa, kezd\u0151knek is<br \/><br \/><\/p>\t\t\t\t\t\t\t\t<\/div>\n\t\t\t\t<\/div>\n\t\t\t\t\t<\/div>\n\t\t<\/div>\n\t\t\t\t\t<\/div>\n\t\t<\/section>\n\t\t\t\t<section class=\"elementor-section elementor-top-section elementor-element elementor-element-7f61c29 elementor-section-boxed elementor-section-height-default elementor-section-height-default\" data-id=\"7f61c29\" data-element_type=\"section\" data-e-type=\"section\">\n\t\t\t\t\t\t<div class=\"elementor-container elementor-column-gap-default\">\n\t\t\t\t\t<div class=\"elementor-column elementor-col-100 elementor-top-column elementor-element elementor-element-d0e502b\" data-id=\"d0e502b\" data-element_type=\"column\" data-e-type=\"column\">\n\t\t\t<div class=\"elementor-widget-wrap\">\n\t\t\t\t\t\t\t<\/div>\n\t\t<\/div>\n\t\t\t\t\t<\/div>\n\t\t<\/section>\n\t\t\t\t<section class=\"elementor-section elementor-top-section elementor-element elementor-element-3c1cdf3 elementor-section-boxed elementor-section-height-default elementor-section-height-default\" data-id=\"3c1cdf3\" data-element_type=\"section\" data-e-type=\"section\">\n\t\t\t\t\t\t<div class=\"elementor-container elementor-column-gap-default\">\n\t\t\t\t\t<div class=\"elementor-column elementor-col-50 elementor-top-column elementor-element elementor-element-d7dd876\" data-id=\"d7dd876\" data-element_type=\"column\" data-e-type=\"column\">\n\t\t\t<div class=\"elementor-widget-wrap elementor-element-populated\">\n\t\t\t\t\t\t<div class=\"elementor-element elementor-element-ae22a9d elementor-widget__width-initial elementor-widget elementor-widget-text-editor\" data-id=\"ae22a9d\" data-element_type=\"widget\" data-e-type=\"widget\" data-widget_type=\"text-editor.default\">\n\t\t\t\t<div class=\"elementor-widget-container\">\n\t\t\t\t\t\t\t\t\t<p>\u00a0<\/p><p>D\u00edj: 7.000,- ft (anyaggal egy\u00fctt) &#8211; <em>p\u00e1ros jelentkez\u00e9s eset\u00e9n kedvezm\u00e9ny: 10%\/f\u0151!<\/em><\/p><p>Id\u0151tartam: 3,5 \u00f3ra\u00a0 \u00a0 \u00a0 \u00a0<\/p><p>minden szerda 8:30-12:00 vagy cs\u00fct\u00f6rt\u00f6k 16:15\u201319:45<\/p>\t\t\t\t\t\t\t\t<\/div>\n\t\t\t\t<\/div>\n\t\t\t\t<div class=\"elementor-element elementor-element-0870e09 elementor-align-center elementor-widget elementor-widget-button\" data-id=\"0870e09\" data-element_type=\"widget\" data-e-type=\"widget\" data-widget_type=\"button.default\">\n\t\t\t\t<div class=\"elementor-widget-container\">\n\t\t\t\t\t\t\t\t\t<div class=\"elementor-button-wrapper\">\n\t\t\t\t\t<a class=\"elementor-button elementor-button-link elementor-size-sm\" href=\"#elementor-action%3Aaction%3Dpopup%3Aopen%26settings%3DeyJpZCI6IjIxNzEiLCJ0b2dnbGUiOmZhbHNlfQ%3D%3D\">\n\t\t\t\t\t\t<span class=\"elementor-button-content-wrapper\">\n\t\t\t\t\t\t\t\t\t<span class=\"elementor-button-text\">Sign me up<\/span>\n\t\t\t\t\t<\/span>\n\t\t\t\t\t<\/a>\n\t\t\t\t<\/div>\n\t\t\t\t\t\t\t\t<\/div>\n\t\t\t\t<\/div>\n\t\t\t\t\t<\/div>\n\t\t<\/div>\n\t\t\t\t<div class=\"elementor-column elementor-col-50 elementor-top-column elementor-element elementor-element-f3194c6\" data-id=\"f3194c6\" data-element_type=\"column\" data-e-type=\"column\">\n\t\t\t<div class=\"elementor-widget-wrap elementor-element-populated\">\n\t\t\t\t\t\t<div class=\"elementor-element elementor-element-bc6b133 elementor-widget elementor-widget-image\" data-id=\"bc6b133\" data-element_type=\"widget\" data-e-type=\"widget\" data-widget_type=\"image.default\">\n\t\t\t\t<div class=\"elementor-widget-container\">\n\t\t\t\t\t\t\t\t\t\t\t\t\t\t\t<img fetchpriority=\"high\" decoding=\"async\" width=\"768\" height=\"512\" src=\"https:\/\/szitakotokreativsuli.nortak.hu\/wp-content\/uploads\/2025\/12\/7-768x512.png\" class=\"attachment-medium_large size-medium_large wp-image-1517\" alt=\"VARRD&amp;VIDD! (t\u00e1skavarr\u00f3)\" srcset=\"https:\/\/szitakotokreativsuli.nortak.hu\/wp-content\/uploads\/2025\/12\/7-768x512.png 768w, https:\/\/szitakotokreativsuli.nortak.hu\/wp-content\/uploads\/2025\/12\/7-600x400.png 600w, https:\/\/szitakotokreativsuli.nortak.hu\/wp-content\/uploads\/2025\/12\/7-300x200.png 300w, https:\/\/szitakotokreativsuli.nortak.hu\/wp-content\/uploads\/2025\/12\/7-1024x683.png 1024w, https:\/\/szitakotokreativsuli.nortak.hu\/wp-content\/uploads\/2025\/12\/7.png 1200w\" sizes=\"(max-width: 768px) 100vw, 768px\" \/>\t\t\t\t\t\t\t\t\t\t\t\t\t\t\t<\/div>\n\t\t\t\t<\/div>\n\t\t\t\t\t<\/div>\n\t\t<\/div>\n\t\t\t\t\t<\/div>\n\t\t<\/section>\n\t\t\t\t<section class=\"elementor-section elementor-top-section elementor-element elementor-element-1ee7674 elementor-section-boxed elementor-section-height-default elementor-section-height-default\" data-id=\"1ee7674\" data-element_type=\"section\" data-e-type=\"section\">\n\t\t\t\t\t\t<div class=\"elementor-container elementor-column-gap-default\">\n\t\t\t\t\t<div class=\"elementor-column elementor-col-100 elementor-top-column elementor-element elementor-element-52b6185\" data-id=\"52b6185\" data-element_type=\"column\" data-e-type=\"column\">\n\t\t\t<div class=\"elementor-widget-wrap elementor-element-populated\">\n\t\t\t\t\t\t<div class=\"elementor-element elementor-element-61893bc elementor-widget elementor-widget-spacer\" data-id=\"61893bc\" data-element_type=\"widget\" data-e-type=\"widget\" data-widget_type=\"spacer.default\">\n\t\t\t\t<div class=\"elementor-widget-container\">\n\t\t\t\t\t\t\t<div class=\"elementor-spacer\">\n\t\t\t<div class=\"elementor-spacer-inner\"><\/div>\n\t\t<\/div>\n\t\t\t\t\t\t<\/div>\n\t\t\t\t<\/div>\n\t\t\t\t\t<\/div>\n\t\t<\/div>\n\t\t\t\t\t<\/div>\n\t\t<\/section>\n\t\t\t\t<section class=\"elementor-section elementor-top-section elementor-element elementor-element-b1a873c elementor-section-boxed elementor-section-height-default elementor-section-height-default\" data-id=\"b1a873c\" data-element_type=\"section\" data-e-type=\"section\">\n\t\t\t\t\t\t<div class=\"elementor-container elementor-column-gap-default\">\n\t\t\t\t\t<div class=\"elementor-column elementor-col-100 elementor-top-column elementor-element elementor-element-6c5a1e0\" data-id=\"6c5a1e0\" data-element_type=\"column\" data-e-type=\"column\">\n\t\t\t<div class=\"elementor-widget-wrap elementor-element-populated\">\n\t\t\t\t\t\t<div class=\"elementor-element elementor-element-b85d66f elementor-widget elementor-widget-text-editor\" data-id=\"b85d66f\" data-element_type=\"widget\" data-e-type=\"widget\" data-widget_type=\"text-editor.default\">\n\t\t\t\t<div class=\"elementor-widget-container\">\n\t\t\t\t\t\t\t\t\t<p>A Varrd &amp; Vidd! workshop azoknak sz\u00f3l, akik szeretn\u00e9nek egy igaz\u00e1n praktikus, strapab\u00edr\u00f3 \u00e9s saj\u00e1t \u00edzl\u00e9s\u00fckre szabott textil v\u00e1llt\u00e1sk\u00e1t k\u00e9sz\u00edteni \u2013 mind\u00f6ssze 3,5 \u00f3ra alatt. Ez az alkalom t\u00f6k\u00e9letes els\u0151 varr\u00e1si \u00e9lm\u00e9ny: egyszer\u0171, m\u00e9gis l\u00e1tv\u00e1nyos projektet ad, gyors siker\u00e9lm\u00e9nyt, \u00e9s k\u00f6zben megismerkedsz a varr\u00f3g\u00e9p haszn\u00e1lat\u00e1nak alapjaival is.<br \/>A t\u00e1ska fazonja \u00fagy lett kialak\u00edtva, hogy minden belef\u00e9rjen: bev\u00e1s\u00e1rl\u00e1s, k\u00f6nyvek, v\u00e1lt\u00f3cip\u0151, munkahelyi cuccok \u2013 igazi h\u00e9tk\u00f6znapi t\u00e1rs. Ha pedig szeretn\u00e9l egy kis csavart, v\u00e1laszthatsz mint\u00e1s, sz\u00ednes vagy farmer anyagot, \u00edgy a v\u00e9geredm\u00e9ny garant\u00e1ltan egyedi lesz.<\/p><p><strong>A workshopon minden eszk\u00f6zt biztos\u00edtunk, neked csak a k\u00edv\u00e1ncsis\u00e1godat kell hoznod.<\/strong><\/p><p><strong>Who is it for?<\/strong><\/p><ul><li style=\"font-weight: 400;\" aria-level=\"1\"><span style=\"font-weight: 400;\">teljesen kezd\u0151knek \u2013 ha m\u00e9g soha nem haszn\u00e1lt\u00e1l varr\u00f3g\u00e9pet, itt megtanulod az alapokat<\/span><\/li><li style=\"font-weight: 400;\" aria-level=\"1\"><span style=\"font-weight: 400;\">\u00fajrakezd\u0151knek, akiknek hi\u00e1nyzik a magabiztoss\u00e1g<\/span><\/li><li style=\"font-weight: 400;\" aria-level=\"1\"><span style=\"font-weight: 400;\">b\u00e1rkinek, aki szeretne egy praktikus mindennapi t\u00e1sk\u00e1t k\u00e9sz\u00edteni<\/span><\/li><li style=\"font-weight: 400;\" aria-level=\"1\"><span style=\"font-weight: 400;\">k\u00f6rnyezettudatosoknak, akik textilb\u0151l varrt, tart\u00f3s bev\u00e1s\u00e1rl\u00f3t\u00e1sk\u00e1t szeretn\u00e9nek<\/span><\/li><li style=\"font-weight: 400;\" aria-level=\"1\"><span style=\"font-weight: 400;\">azoknak, akiknek nincs varr\u00f3g\u00e9p\u00fck, hely\u00fck a varr\u00e1shoz<\/span><\/li><li style=\"font-weight: 400;\" aria-level=\"1\"><span style=\"font-weight: 400;\">nektek, akik sz\u00edvesebben varrtok kellemes t\u00e1rsas\u00e1gban, mint egyed\u00fcl<\/span><\/li><\/ul><p><strong>Important information:<\/strong><\/p><ul><li>A tanfolyamok minimum 6 f\u0151 jelentkez\u00e9se eset\u00e9n indulnak. Ha a csoport nem telik meg, a foglal\u00e1s ingyenesen \u00e1t\u00fctemezhet\u0151 egy m\u00e1sik id\u0151pontra vagy programra, legk\u00e9s\u0151bb a kezd\u00e9s el\u0151tt 14 nappal.<\/li><li>Adult education registration number: B\/2020\/008010<\/li><\/ul>\t\t\t\t\t\t\t\t<\/div>\n\t\t\t\t<\/div>\n\t\t\t\t<div class=\"elementor-element elementor-element-fd42df2 elementor-align-left elementor-widget elementor-widget-button\" data-id=\"fd42df2\" data-element_type=\"widget\" data-e-type=\"widget\" data-widget_type=\"button.default\">\n\t\t\t\t<div class=\"elementor-widget-container\">\n\t\t\t\t\t\t\t\t\t<div class=\"elementor-button-wrapper\">\n\t\t\t\t\t<a class=\"elementor-button elementor-button-link elementor-size-sm\" href=\"#elementor-action%3Aaction%3Dpopup%3Aopen%26settings%3DeyJpZCI6IjIxNzEiLCJ0b2dnbGUiOmZhbHNlfQ%3D%3D\">\n\t\t\t\t\t\t<span class=\"elementor-button-content-wrapper\">\n\t\t\t\t\t\t\t\t\t<span class=\"elementor-button-text\">Sign me up<\/span>\n\t\t\t\t\t<\/span>\n\t\t\t\t\t<\/a>\n\t\t\t\t<\/div>\n\t\t\t\t\t\t\t\t<\/div>\n\t\t\t\t<\/div>\n\t\t\t\t\t<\/div>\n\t\t<\/div>\n\t\t\t\t\t<\/div>\n\t\t<\/section>\n\t\t\t\t<section class=\"elementor-section elementor-top-section elementor-element elementor-element-c51887b elementor-section-boxed elementor-section-height-default elementor-section-height-default\" data-id=\"c51887b\" data-element_type=\"section\" data-e-type=\"section\">\n\t\t\t\t\t\t<div class=\"elementor-container elementor-column-gap-default\">\n\t\t\t\t\t<div class=\"elementor-column elementor-col-100 elementor-top-column elementor-element elementor-element-f55d13c\" data-id=\"f55d13c\" data-element_type=\"column\" data-e-type=\"column\">\n\t\t\t<div class=\"elementor-widget-wrap elementor-element-populated\">\n\t\t\t\t\t\t<div class=\"elementor-element elementor-element-ac30153 elementor-widget elementor-widget-text-editor\" data-id=\"ac30153\" data-element_type=\"widget\" data-e-type=\"widget\" data-widget_type=\"text-editor.default\">\n\t\t\t\t<div class=\"elementor-widget-container\">\n\t\t\t\t\t\t\t\t\t<p><strong>Mit tanulsz meg a 3,5 \u00f3ra alatt?<\/strong><br>A workshop \u00fagy \u00e9p\u00fcl fel, hogy v\u00e9gig k\u00e9zen fogva vezet\u00fcnk a teljes folyamatt\u00f3l a k\u00e9sz t\u00e1sk\u00e1ig \u2013 akkor is, ha sosem varrt\u00e1l m\u00e9g.<\/p>\n<p><em><strong>1.Alapoz\u00f3, gyors bevezet\u0151<\/strong><\/em><\/p>\n<ul>\n<li>megtan\u00edtjuk a varr\u00f3g\u00e9p bef\u0171z\u00e9s\u00e9t<\/li>\n<li>megismered az egyenes varr\u00e1s helyes technik\u00e1j\u00e1t<\/li>\n<li>kipr\u00f3b\u00e1lod a g\u00e9p kezel\u00e9s\u00e9t, temp\u00f3j\u00e1t, be\u00e1ll\u00edt\u00e1sait<\/li>\n<\/ul>\n<p><em><strong>2. Anyagismeret a gyakorlatban<\/strong><\/em><\/p>\n<ul>\n<li>hogyan v\u00e1lassz strapab\u00edr\u00f3 textilt egy t\u00e1sk\u00e1hoz<\/li>\n<li>mikor j\u00f3 a farmer, mikor a v\u00e1szon<\/li>\n<li>mit\u0151l lesz egy t\u00e1ska tart\u00f3s \u00e9s eszt\u00e9tikus<\/li>\n<\/ul>\n<p><em><strong>3. Kivitelez\u00e9s l\u00e9p\u00e9sr\u0151l l\u00e9p\u00e9sre<\/strong><\/em><\/p>\n<ul>\n<li>szab\u00e1s: a t\u00e1ska darabjainak pontos kiszab\u00e1sa<\/li>\n<li>f\u00fclez\u00e9s: er\u0151s, k\u00e9nyelmes v\u00e1llp\u00e1nt k\u00e9sz\u00edt\u00e9se<\/li>\n<li>\u00f6ssze\u00e1ll\u00edt\u00e1s: a r\u00e9szek \u00f6sszer\u00f6gz\u00edt\u00e9se, sz\u00e9lek tiszt\u00e1z\u00e1sa<\/li>\n<li>professzion\u00e1lis befejez\u00e9s, hogy a t\u00e1sk\u00e1d tart\u00f3s \u00e9s ig\u00e9nyes legyen<\/li>\n<\/ul>\n<p>A v\u00e9g\u00e9re nemcsak egy k\u00e9sz t\u00e1sk\u00e1t viszel haza (\u201eVarrd &amp; Vidd!\u201d), hanem rengeteg \u00faj tud\u00e1st is, amit k\u00e9s\u0151bb szinte b\u00e1rmilyen varr\u00e1si projektben kamatoztathatsz.<\/p>\n<p><strong>Mi\u00e9rt szeretnek a r\u00e9sztvev\u0151k elj\u00f6nni erre a workshopra?<\/strong><\/p>\n<ul>\n<li>Gyors siker\u00e9lm\u00e9nyt ad. A \u201emegvarrtam!\u201d \u00f6r\u00f6m\u00e9t m\u00e1r aznap \u00e1t\u00e9lheted.<\/li>\n<li>Nagyon kezd\u0151bar\u00e1t. T\u00e9nyleg az alapokt\u00f3l indulunk, t\u00fcrelmesen seg\u00edt\u00fcnk.<\/li>\n<li>Kreat\u00edv kikapcsol\u00f3d\u00e1s. 3,5 \u00f3ra, ami r\u00f3lad sz\u00f3l \u2013 alkot\u00e1s, inspir\u00e1ci\u00f3, j\u00f3 hangulat.<\/li>\n<li>Praktikus, haszn\u00e1lhat\u00f3 v\u00e9geredm\u00e9ny. Nem pr\u00f3badarabot k\u00e9sz\u00edtesz, hanem egy val\u00f3di, er\u0151s t\u00e1sk\u00e1t.<\/li>\n<li>Fenntarthat\u00f3 alternat\u00edva. Saj\u00e1t bev\u00e1s\u00e1rl\u00f3t\u00e1ska = kevesebb nejlon.<\/li>\n<\/ul>\t\t\t\t\t\t\t\t<\/div>\n\t\t\t\t<\/div>\n\t\t\t\t<div class=\"elementor-element elementor-element-d8a7990 elementor-align-center elementor-widget elementor-widget-button\" data-id=\"d8a7990\" data-element_type=\"widget\" data-e-type=\"widget\" data-widget_type=\"button.default\">\n\t\t\t\t<div class=\"elementor-widget-container\">\n\t\t\t\t\t\t\t\t\t<div class=\"elementor-button-wrapper\">\n\t\t\t\t\t<a class=\"elementor-button elementor-button-link elementor-size-sm\" href=\"#elementor-action%3Aaction%3Dpopup%3Aopen%26settings%3DeyJpZCI6IjIxNzEiLCJ0b2dnbGUiOmZhbHNlfQ%3D%3D\">\n\t\t\t\t\t\t<span class=\"elementor-button-content-wrapper\">\n\t\t\t\t\t\t\t\t\t<span class=\"elementor-button-text\">Sign me up<\/span>\n\t\t\t\t\t<\/span>\n\t\t\t\t\t<\/a>\n\t\t\t\t<\/div>\n\t\t\t\t\t\t\t\t<\/div>\n\t\t\t\t<\/div>\n\t\t\t\t\t<\/div>\n\t\t<\/div>\n\t\t\t\t\t<\/div>\n\t\t<\/section>\n\t\t\t\t<\/div>","protected":false},"excerpt":{"rendered":"<p>VARRD &amp; VIDD! (t\u00e1skavarr\u00f3) Textil bev\u00e1s\u00e1rl\u00f3 v\u00e1llt\u00e1ska varr\u00e1sa, kezd\u0151knek is \u00a0 D\u00edj: 7.000,- ft (anyaggal egy\u00fctt) &#8211; p\u00e1ros jelentkez\u00e9s eset\u00e9n kedvezm\u00e9ny: 10%\/f\u0151! Id\u0151tartam: 3,5 \u00f3ra\u00a0 \u00a0 \u00a0 \u00a0 minden szerda 8:30-12:00 vagy cs\u00fct\u00f6rt\u00f6k 16:15\u201319:45 Jelentkezem A Varrd &amp; Vidd! workshop azoknak sz\u00f3l, akik szeretn\u00e9nek egy igaz\u00e1n praktikus, strapab\u00edr\u00f3 \u00e9s saj\u00e1t \u00edzl\u00e9s\u00fckre szabott textil v\u00e1llt\u00e1sk\u00e1t k\u00e9sz\u00edteni [&hellip;]<\/p>","protected":false},"author":2,"featured_media":0,"parent":0,"menu_order":0,"comment_status":"closed","ping_status":"closed","template":"","meta":{"site-sidebar-layout":"no-sidebar","site-content-layout":"page-builder","ast-site-content-layout":"full-width-container","site-content-style":"default","site-sidebar-style":"default","ast-global-header-display":"","ast-banner-title-visibility":"","ast-main-header-display":"","ast-hfb-above-header-display":"","ast-hfb-below-header-display":"","ast-hfb-mobile-header-display":"","site-post-title":"disabled","ast-breadcrumbs-content":"","ast-featured-img":"disabled","footer-sml-layout":"","ast-disable-related-posts":"","theme-transparent-header-meta":"","adv-header-id-meta":"","stick-header-meta":"","header-above-stick-meta":"","header-main-stick-meta":"","header-below-stick-meta":"","astra-migrate-meta-layouts":"set","ast-page-background-enabled":"default","ast-page-background-meta":{"desktop":{"background-color":"var(--ast-global-color-4)","background-image":"","background-repeat":"repeat","background-position":"center center","background-size":"auto","background-attachment":"scroll","background-type":"","background-media":"","overlay-type":"","overlay-color":"","overlay-opacity":"","overlay-gradient":""},"tablet":{"background-color":"","background-image":"","background-repeat":"repeat","background-position":"center center","background-size":"auto","background-attachment":"scroll","background-type":"","background-media":"","overlay-type":"","overlay-color":"","overlay-opacity":"","overlay-gradient":""},"mobile":{"background-color":"","background-image":"","background-repeat":"repeat","background-position":"center center","background-size":"auto","background-attachment":"scroll","background-type":"","background-media":"","overlay-type":"","overlay-color":"","overlay-opacity":"","overlay-gradient":""}},"ast-content-background-meta":{"desktop":{"background-color":"var(--ast-global-color-5)","background-image":"","background-repeat":"repeat","background-position":"center center","background-size":"auto","background-attachment":"scroll","background-type":"","background-media":"","overlay-type":"","overlay-color":"","overlay-opacity":"","overlay-gradient":""},"tablet":{"background-color":"var(--ast-global-color-5)","background-image":"","background-repeat":"repeat","background-position":"center center","background-size":"auto","background-attachment":"scroll","background-type":"","background-media":"","overlay-type":"","overlay-color":"","overlay-opacity":"","overlay-gradient":""},"mobile":{"background-color":"var(--ast-global-color-5)","background-image":"","background-repeat":"repeat","background-position":"center center","background-size":"auto","background-attachment":"scroll","background-type":"","background-media":"","overlay-type":"","overlay-color":"","overlay-opacity":"","overlay-gradient":""}},"footnotes":""},"class_list":["post-1874","page","type-page","status-publish","hentry"],"_links":{"self":[{"href":"https:\/\/szitakotokreativsuli.nortak.hu\/en\/wp-json\/wp\/v2\/pages\/1874","targetHints":{"allow":["GET"]}}],"collection":[{"href":"https:\/\/szitakotokreativsuli.nortak.hu\/en\/wp-json\/wp\/v2\/pages"}],"about":[{"href":"https:\/\/szitakotokreativsuli.nortak.hu\/en\/wp-json\/wp\/v2\/types\/page"}],"author":[{"embeddable":true,"href":"https:\/\/szitakotokreativsuli.nortak.hu\/en\/wp-json\/wp\/v2\/users\/2"}],"replies":[{"embeddable":true,"href":"https:\/\/szitakotokreativsuli.nortak.hu\/en\/wp-json\/wp\/v2\/comments?post=1874"}],"version-history":[{"count":53,"href":"https:\/\/szitakotokreativsuli.nortak.hu\/en\/wp-json\/wp\/v2\/pages\/1874\/revisions"}],"predecessor-version":[{"id":2666,"href":"https:\/\/szitakotokreativsuli.nortak.hu\/en\/wp-json\/wp\/v2\/pages\/1874\/revisions\/2666"}],"wp:attachment":[{"href":"https:\/\/szitakotokreativsuli.nortak.hu\/en\/wp-json\/wp\/v2\/media?parent=1874"}],"curies":[{"name":"wp","href":"https:\/\/api.w.org\/{rel}","templated":true}]}}