{"id":1863,"date":"2025-12-13T12:56:30","date_gmt":"2025-12-13T12:56:30","guid":{"rendered":"https:\/\/szitakotokreativsuli.nortak.hu\/?page_id=1863"},"modified":"2026-02-06T15:02:51","modified_gmt":"2026-02-06T15:02:51","slug":"divattervezo-tabor","status":"publish","type":"page","link":"https:\/\/szitakotokreativsuli.nortak.hu\/en\/divattervezo-tabor\/","title":{"rendered":"FASHION DESIGN CAMP"},"content":{"rendered":"<div data-elementor-type=\"wp-page\" data-elementor-id=\"1863\" class=\"elementor elementor-1863\" data-elementor-post-type=\"page\">\n\t\t\t\t\t\t<section class=\"elementor-section elementor-top-section elementor-element elementor-element-835493e elementor-section-boxed elementor-section-height-default elementor-section-height-default\" data-id=\"835493e\" data-element_type=\"section\" data-e-type=\"section\">\n\t\t\t\t\t\t<div class=\"elementor-container elementor-column-gap-default\">\n\t\t\t\t\t<div class=\"elementor-column elementor-col-100 elementor-top-column elementor-element elementor-element-5c47424\" data-id=\"5c47424\" data-element_type=\"column\" data-e-type=\"column\">\n\t\t\t<div class=\"elementor-widget-wrap elementor-element-populated\">\n\t\t\t\t\t\t<div class=\"elementor-element elementor-element-7d84799 elementor-widget elementor-widget-spacer\" data-id=\"7d84799\" data-element_type=\"widget\" data-e-type=\"widget\" data-widget_type=\"spacer.default\">\n\t\t\t\t<div class=\"elementor-widget-container\">\n\t\t\t\t\t\t\t<div class=\"elementor-spacer\">\n\t\t\t<div class=\"elementor-spacer-inner\"><\/div>\n\t\t<\/div>\n\t\t\t\t\t\t<\/div>\n\t\t\t\t<\/div>\n\t\t\t\t\t<\/div>\n\t\t<\/div>\n\t\t\t\t\t<\/div>\n\t\t<\/section>\n\t\t\t\t<section class=\"elementor-section elementor-top-section elementor-element elementor-element-0ed789f elementor-section-boxed elementor-section-height-default elementor-section-height-default\" data-id=\"0ed789f\" data-element_type=\"section\" data-e-type=\"section\">\n\t\t\t\t\t\t<div class=\"elementor-container elementor-column-gap-default\">\n\t\t\t\t\t<div class=\"elementor-column elementor-col-100 elementor-top-column elementor-element elementor-element-d45169d\" data-id=\"d45169d\" data-element_type=\"column\" data-e-type=\"column\">\n\t\t\t<div class=\"elementor-widget-wrap elementor-element-populated\">\n\t\t\t\t\t\t<div class=\"elementor-element elementor-element-02c953a elementor-widget elementor-widget-heading\" data-id=\"02c953a\" data-element_type=\"widget\" data-e-type=\"widget\" data-widget_type=\"heading.default\">\n\t\t\t\t<div class=\"elementor-widget-container\">\n\t\t\t\t\t<h3 class=\"elementor-heading-title elementor-size-default\">FASHION DESIGN CAMP<\/h3>\t\t\t\t<\/div>\n\t\t\t\t<\/div>\n\t\t\t\t\t<\/div>\n\t\t<\/div>\n\t\t\t\t\t<\/div>\n\t\t<\/section>\n\t\t\t\t<section class=\"elementor-section elementor-top-section elementor-element elementor-element-efd91c7 elementor-section-boxed elementor-section-height-default elementor-section-height-default\" data-id=\"efd91c7\" data-element_type=\"section\" data-e-type=\"section\">\n\t\t\t\t\t\t<div class=\"elementor-container elementor-column-gap-default\">\n\t\t\t\t\t<div class=\"elementor-column elementor-col-100 elementor-top-column elementor-element elementor-element-3bb325e\" data-id=\"3bb325e\" data-element_type=\"column\" data-e-type=\"column\">\n\t\t\t<div class=\"elementor-widget-wrap elementor-element-populated\">\n\t\t\t\t\t\t<div class=\"elementor-element elementor-element-28a3d6b elementor-widget elementor-widget-text-editor\" data-id=\"28a3d6b\" data-element_type=\"widget\" data-e-type=\"widget\" data-widget_type=\"text-editor.default\">\n\t\t\t\t<div class=\"elementor-widget-container\">\n\t\t\t\t\t\t\t\t\t<p><span style=\"font-weight: 400;\">creative summer - sewing, colours and your own collections<\/span><\/p>\t\t\t\t\t\t\t\t<\/div>\n\t\t\t\t<\/div>\n\t\t\t\t\t<\/div>\n\t\t<\/div>\n\t\t\t\t\t<\/div>\n\t\t<\/section>\n\t\t\t\t<section class=\"elementor-section elementor-top-section elementor-element elementor-element-7f61c29 elementor-section-boxed elementor-section-height-default elementor-section-height-default\" data-id=\"7f61c29\" data-element_type=\"section\" data-e-type=\"section\">\n\t\t\t\t\t\t<div class=\"elementor-container elementor-column-gap-default\">\n\t\t\t\t\t<div class=\"elementor-column elementor-col-100 elementor-top-column elementor-element elementor-element-d0e502b\" data-id=\"d0e502b\" data-element_type=\"column\" data-e-type=\"column\">\n\t\t\t<div class=\"elementor-widget-wrap\">\n\t\t\t\t\t\t\t<\/div>\n\t\t<\/div>\n\t\t\t\t\t<\/div>\n\t\t<\/section>\n\t\t\t\t<section class=\"elementor-section elementor-top-section elementor-element elementor-element-3c1cdf3 elementor-section-boxed elementor-section-height-default elementor-section-height-default\" data-id=\"3c1cdf3\" data-element_type=\"section\" data-e-type=\"section\">\n\t\t\t\t\t\t<div class=\"elementor-container elementor-column-gap-default\">\n\t\t\t\t\t<div class=\"elementor-column elementor-col-50 elementor-top-column elementor-element elementor-element-d7dd876\" data-id=\"d7dd876\" data-element_type=\"column\" data-e-type=\"column\">\n\t\t\t<div class=\"elementor-widget-wrap elementor-element-populated\">\n\t\t\t\t\t\t<div class=\"elementor-element elementor-element-ae22a9d elementor-widget__width-initial elementor-widget elementor-widget-text-editor\" data-id=\"ae22a9d\" data-element_type=\"widget\" data-e-type=\"widget\" data-widget_type=\"text-editor.default\">\n\t\t\t\t<div class=\"elementor-widget-container\">\n\t\t\t\t\t\t\t\t\t<p>\u00a0<\/p><p><span style=\"font-weight: 400;\">Participation fee: 62.000 Ft \/ 5 days - <em>p<\/em><\/span><em><span style=\"font-weight: 400;\">5% discount for even registration<\/span><\/em><\/p><p><span style=\"font-weight: 400;\">Pre-registration discounts:<\/span><\/p><p><span style=\"font-weight: 400;\">- until 15 March with payment of the first instalment -7%\/person<\/span><\/p><p><span style=\"font-weight: 400;\">- until 30 April with payment of the first instalment -5%\/person<\/span><\/p><p><span style=\"font-weight: 400;\">Date: 20-24 July 2026 8.00-16.00<\/span><\/p><p><span style=\"font-weight: 400;\">\u00a0<\/span><\/p>\t\t\t\t\t\t\t\t<\/div>\n\t\t\t\t<\/div>\n\t\t\t\t<div class=\"elementor-element elementor-element-c6dca11 elementor-align-center elementor-widget elementor-widget-button\" data-id=\"c6dca11\" data-element_type=\"widget\" data-e-type=\"widget\" data-widget_type=\"button.default\">\n\t\t\t\t<div class=\"elementor-widget-container\">\n\t\t\t\t\t\t\t\t\t<div class=\"elementor-button-wrapper\">\n\t\t\t\t\t<a class=\"elementor-button elementor-button-link elementor-size-sm\" href=\"#elementor-action%3Aaction%3Dpopup%3Aopen%26settings%3DeyJpZCI6IjI1OTIiLCJ0b2dnbGUiOmZhbHNlfQ%3D%3D\">\n\t\t\t\t\t\t<span class=\"elementor-button-content-wrapper\">\n\t\t\t\t\t\t\t\t\t<span class=\"elementor-button-text\">Sign me up<\/span>\n\t\t\t\t\t<\/span>\n\t\t\t\t\t<\/a>\n\t\t\t\t<\/div>\n\t\t\t\t\t\t\t\t<\/div>\n\t\t\t\t<\/div>\n\t\t\t\t\t<\/div>\n\t\t<\/div>\n\t\t\t\t<div class=\"elementor-column elementor-col-50 elementor-top-column elementor-element elementor-element-f3194c6\" data-id=\"f3194c6\" data-element_type=\"column\" data-e-type=\"column\">\n\t\t\t<div class=\"elementor-widget-wrap elementor-element-populated\">\n\t\t\t\t\t\t<div class=\"elementor-element elementor-element-bc6b133 elementor-widget elementor-widget-image\" data-id=\"bc6b133\" data-element_type=\"widget\" data-e-type=\"widget\" data-widget_type=\"image.default\">\n\t\t\t\t<div class=\"elementor-widget-container\">\n\t\t\t\t\t\t\t\t\t\t\t\t\t\t\t<img fetchpriority=\"high\" decoding=\"async\" width=\"768\" height=\"512\" src=\"https:\/\/szitakotokreativsuli.nortak.hu\/wp-content\/uploads\/2026\/01\/divattervezo-tabor-768x512.png\" class=\"attachment-medium_large size-medium_large wp-image-2548\" alt=\"DIVATTERVEZ\u0150 T\u00c1BOR \u2013 kreat\u00edv ny\u00e1r gyerekeknek\" srcset=\"https:\/\/szitakotokreativsuli.nortak.hu\/wp-content\/uploads\/2026\/01\/divattervezo-tabor-768x512.png 768w, https:\/\/szitakotokreativsuli.nortak.hu\/wp-content\/uploads\/2026\/01\/divattervezo-tabor-300x200.png 300w, https:\/\/szitakotokreativsuli.nortak.hu\/wp-content\/uploads\/2026\/01\/divattervezo-tabor-1024x683.png 1024w, https:\/\/szitakotokreativsuli.nortak.hu\/wp-content\/uploads\/2026\/01\/divattervezo-tabor-600x400.png 600w, https:\/\/szitakotokreativsuli.nortak.hu\/wp-content\/uploads\/2026\/01\/divattervezo-tabor.png 1200w\" sizes=\"(max-width: 768px) 100vw, 768px\" \/>\t\t\t\t\t\t\t\t\t\t\t\t\t\t\t<\/div>\n\t\t\t\t<\/div>\n\t\t\t\t\t<\/div>\n\t\t<\/div>\n\t\t\t\t\t<\/div>\n\t\t<\/section>\n\t\t\t\t<section class=\"elementor-section elementor-top-section elementor-element elementor-element-1ee7674 elementor-section-boxed elementor-section-height-default elementor-section-height-default\" data-id=\"1ee7674\" data-element_type=\"section\" data-e-type=\"section\">\n\t\t\t\t\t\t<div class=\"elementor-container elementor-column-gap-default\">\n\t\t\t\t\t<div class=\"elementor-column elementor-col-100 elementor-top-column elementor-element elementor-element-52b6185\" data-id=\"52b6185\" data-element_type=\"column\" data-e-type=\"column\">\n\t\t\t<div class=\"elementor-widget-wrap elementor-element-populated\">\n\t\t\t\t\t\t<div class=\"elementor-element elementor-element-61893bc elementor-widget elementor-widget-spacer\" data-id=\"61893bc\" data-element_type=\"widget\" data-e-type=\"widget\" data-widget_type=\"spacer.default\">\n\t\t\t\t<div class=\"elementor-widget-container\">\n\t\t\t\t\t\t\t<div class=\"elementor-spacer\">\n\t\t\t<div class=\"elementor-spacer-inner\"><\/div>\n\t\t<\/div>\n\t\t\t\t\t\t<\/div>\n\t\t\t\t<\/div>\n\t\t\t\t\t<\/div>\n\t\t<\/div>\n\t\t\t\t\t<\/div>\n\t\t<\/section>\n\t\t\t\t<section class=\"elementor-section elementor-top-section elementor-element elementor-element-b1a873c elementor-section-boxed elementor-section-height-default elementor-section-height-default\" data-id=\"b1a873c\" data-element_type=\"section\" data-e-type=\"section\">\n\t\t\t\t\t\t<div class=\"elementor-container elementor-column-gap-default\">\n\t\t\t\t\t<div class=\"elementor-column elementor-col-100 elementor-top-column elementor-element elementor-element-6c5a1e0\" data-id=\"6c5a1e0\" data-element_type=\"column\" data-e-type=\"column\">\n\t\t\t<div class=\"elementor-widget-wrap elementor-element-populated\">\n\t\t\t\t\t\t<div class=\"elementor-element elementor-element-b85d66f elementor-widget elementor-widget-text-editor\" data-id=\"b85d66f\" data-element_type=\"widget\" data-e-type=\"widget\" data-widget_type=\"text-editor.default\">\n\t\t\t\t<div class=\"elementor-widget-container\">\n\t\t\t\t\t\t\t\t\t<p><span style=\"font-weight: 400;\">During the week, children will learn the basics of hand sewing in a playful way, while designing and making their own clothes for Barbie dolls. Making dolls together is an exciting, creative process, and at the end of the day, each participant can proudly take home their own mini collection.<\/span><\/p><p><span style=\"font-weight: 400;\">The emphasis is on creative thinking, independent ideas and the experience of success - with plenty of inspiration, help and encouragement.<\/span><\/p><p><strong>Which we provide:<\/strong><\/p><ul><li style=\"font-weight: 400;\" aria-level=\"1\"><span style=\"font-weight: 400;\">all the necessary ingredients<\/span><\/li><li style=\"font-weight: 400;\" aria-level=\"1\"><span style=\"font-weight: 400;\">tools, aids<\/span><\/li><li style=\"font-weight: 400;\" aria-level=\"1\"><span style=\"font-weight: 400;\">a friendly, supportive atmosphere<\/span><\/li><\/ul><p><span style=\"font-weight: 400;\">Children don't need to bring anything - just curiosity and creativity.<\/span><\/p><p><b>Important information<\/b><\/p><ul><li style=\"font-weight: 400;\" aria-level=\"1\"><span style=\"font-weight: 400;\">The camp starts with a minimum of 6 participants. If the group does not fill up, the reservation can be rescheduled free of charge for another date or programme at least 14 days before the start date.<\/span><\/li><li style=\"font-weight: 400;\" aria-level=\"1\"><span style=\"font-weight: 400;\">We can accommodate a maximum of 10 people, so it is advisable to book early.<\/span><\/li><li style=\"font-weight: 400;\" aria-level=\"1\"><span style=\"font-weight: 400;\">Teacher: Anik\u00f3 Tancsik<\/span><\/li><li style=\"font-weight: 400;\" aria-level=\"1\"><span style=\"font-weight: 400;\">Location: the Dragonfly Creative School - 7634 P\u00e9cs, \u00dcr\u00f6gi fasor 2\/a<\/span><\/li><li style=\"font-weight: 400;\" aria-level=\"1\"><span style=\"font-weight: 400;\">- Age group: girls and boys aged 8-14<\/span><\/li><li style=\"font-weight: 400;\" aria-level=\"1\"><span style=\"font-weight: 400;\">Adult education registration number: B\/2020\/008010<\/span><\/li><\/ul><p><b>Catering<\/b><\/p><p><span style=\"font-weight: 400;\">The participation fee includes a hot lunch once a day and fruit for lunch<\/span><\/p><p><span style=\"font-weight: 400;\">The food is ordered from gastroking.hu. The price of the camp includes the children's menu (in our experience, this is the quantity that sells out). <\/span><b>Please have the parent choose the appropriate meal by the Thursday of the week before the camp and send us an email<\/b><span style=\"font-weight: 400;\"> (<\/span><a href=\"mailto:szitakotosuli@gmail.com\"><span style=\"font-weight: 400;\">szitakotosuli@gmail.com<\/span><\/a><span style=\"font-weight: 400;\"> ).<\/span><\/p><p><span style=\"font-weight: 400;\">If you choose a different type of menu, you will have to pay the difference. (If you keep the lunch, you can of course take it home.)<\/span><\/p><p><span style=\"font-weight: 400;\">Unfortunately we cannot provide a special diet, but you can bring your own food.<\/span><\/p><p><span style=\"font-weight: 400;\">Without lunch the camp fee is reduced by 8.500 HUF.<\/span><br \/><br \/><\/p><p><b>What children will learn during the 5 days:<\/b><\/p><p><span style=\"font-weight: 400;\">- manual stitches: running, worm, nappy<\/span><\/p><p><span style=\"font-weight: 400;\">- choice of materials and colours<\/span><\/p><p><span style=\"font-weight: 400;\">- basics of tailoring skills<\/span><\/p><p><span style=\"font-weight: 400;\">- pleating, strap making, decorating techniques<\/span><\/p><p><span style=\"font-weight: 400;\">- dress rehearsal and fitting<\/span><\/p><p><span style=\"font-weight: 400;\">- fashion design thinking: styles, collections, colour harmony<\/span><\/p><p>\u00a0<\/p><p><b>Registration and further information<\/b><\/p><p><span style=\"font-weight: 400;\">Vikt\u00f3ria Mark\u00f3\u00a0 \u00a0 \u00a0 \u00a0 \u00a0 <\/span><span style=\"font-weight: 400;\">\ud83d\udcde<\/span><span style=\"font-weight: 400;\"> +36 30 390 4675\u00a0 \u00a0 \u00a0 \u00a0 \u00a0 <\/span><span style=\"font-weight: 400;\">\ud83d\udce7<\/span> <a href=\"mailto:szitakotosuli@gmail.com\"><span style=\"font-weight: 400;\">szitakotosuli@gmail.com<\/span><\/a><\/p>\t\t\t\t\t\t\t\t<\/div>\n\t\t\t\t<\/div>\n\t\t\t\t<div class=\"elementor-element elementor-element-8c7205e elementor-align-center elementor-widget elementor-widget-button\" data-id=\"8c7205e\" data-element_type=\"widget\" data-e-type=\"widget\" data-widget_type=\"button.default\">\n\t\t\t\t<div class=\"elementor-widget-container\">\n\t\t\t\t\t\t\t\t\t<div class=\"elementor-button-wrapper\">\n\t\t\t\t\t<a class=\"elementor-button elementor-button-link elementor-size-sm\" href=\"#elementor-action%3Aaction%3Dpopup%3Aopen%26settings%3DeyJpZCI6IjI1OTIiLCJ0b2dnbGUiOmZhbHNlfQ%3D%3D\">\n\t\t\t\t\t\t<span class=\"elementor-button-content-wrapper\">\n\t\t\t\t\t\t\t\t\t<span class=\"elementor-button-text\">Sign me up<\/span>\n\t\t\t\t\t<\/span>\n\t\t\t\t\t<\/a>\n\t\t\t\t<\/div>\n\t\t\t\t\t\t\t\t<\/div>\n\t\t\t\t<\/div>\n\t\t\t\t\t<\/div>\n\t\t<\/div>\n\t\t\t\t\t<\/div>\n\t\t<\/section>\n\t\t\t\t<section class=\"elementor-section elementor-top-section elementor-element elementor-element-c51887b elementor-section-boxed elementor-section-height-default elementor-section-height-default\" data-id=\"c51887b\" data-element_type=\"section\" data-e-type=\"section\">\n\t\t\t\t\t\t<div class=\"elementor-container elementor-column-gap-default\">\n\t\t\t\t\t<div class=\"elementor-column elementor-col-100 elementor-top-column elementor-element elementor-element-f55d13c\" data-id=\"f55d13c\" data-element_type=\"column\" data-e-type=\"column\">\n\t\t\t<div class=\"elementor-widget-wrap elementor-element-populated\">\n\t\t\t\t\t\t<div class=\"elementor-element elementor-element-ac30153 elementor-widget elementor-widget-text-editor\" data-id=\"ac30153\" data-element_type=\"widget\" data-e-type=\"widget\" data-widget_type=\"text-editor.default\">\n\t\t\t\t<div class=\"elementor-widget-container\">\n\t\t\t\t\t\t\t\t\t<p><span style=\"font-weight: 400;\">While children are designing, sewing, creating and making friends, parents can work in peace, knowing that their child is in the right place, getting attention and having a meaningful, creative day.<\/span><\/p><p><span style=\"font-weight: 400;\">Grandparents are delighted to see their grandchild not sitting in front of a screen, but creating and developing, and in the evening proudly telling them what he or she has made that day.<\/span><\/p><p><span style=\"font-weight: 400;\">And for the kids, it's a real summer experience: design, a sense of achievement, new friends - and the feeling of saying \u201eI designed this, I sewed it!\u201d<\/span><\/p>\t\t\t\t\t\t\t\t<\/div>\n\t\t\t\t<\/div>\n\t\t\t\t<div class=\"elementor-element elementor-element-3e0d625 elementor-align-center elementor-widget elementor-widget-button\" data-id=\"3e0d625\" data-element_type=\"widget\" data-e-type=\"widget\" data-widget_type=\"button.default\">\n\t\t\t\t<div class=\"elementor-widget-container\">\n\t\t\t\t\t\t\t\t\t<div class=\"elementor-button-wrapper\">\n\t\t\t\t\t<a class=\"elementor-button elementor-button-link elementor-size-sm\" href=\"#elementor-action%3Aaction%3Dpopup%3Aopen%26settings%3DeyJpZCI6IjI1OTIiLCJ0b2dnbGUiOmZhbHNlfQ%3D%3D\">\n\t\t\t\t\t\t<span class=\"elementor-button-content-wrapper\">\n\t\t\t\t\t\t\t\t\t<span class=\"elementor-button-text\">Sign me up<\/span>\n\t\t\t\t\t<\/span>\n\t\t\t\t\t<\/a>\n\t\t\t\t<\/div>\n\t\t\t\t\t\t\t\t<\/div>\n\t\t\t\t<\/div>\n\t\t\t\t\t<\/div>\n\t\t<\/div>\n\t\t\t\t\t<\/div>\n\t\t<\/section>\n\t\t\t\t<\/div>","protected":false},"excerpt":{"rendered":"<p>DIVATTERVEZ\u0150 T\u00c1BOR kreat\u00edv ny\u00e1r \u2013 varr\u00e1s, sz\u00ednek \u00e9s saj\u00e1t kollekci\u00f3k \u00a0 R\u00e9szv\u00e9teli d\u00edj: 62.000 Ft \/ 5 nap &#8211; p\u00e1ros jelentkez\u00e9s eset\u00e9n 5% kedvezm\u00e9ny El\u0151jelentkez\u00e9si kedvezm\u00e9nyek: \u2013 m\u00e1rcius 15-ig az els\u0151 r\u00e9szlet befizet\u00e9s\u00e9vel \u20137% \/ f\u0151 \u2013 \u00e1prilis 30-ig az els\u0151 r\u00e9szlet befizet\u00e9s\u00e9vel \u20135% \/ f\u0151 Id\u0151pont: 2026. j\u00falius 20\u201324. 8.00\u201316.00 \u00a0 Jelentkezem A h\u00e9t [&hellip;]<\/p>","protected":false},"author":2,"featured_media":0,"parent":0,"menu_order":0,"comment_status":"closed","ping_status":"closed","template":"","meta":{"site-sidebar-layout":"no-sidebar","site-content-layout":"page-builder","ast-site-content-layout":"full-width-container","site-content-style":"default","site-sidebar-style":"default","ast-global-header-display":"","ast-banner-title-visibility":"","ast-main-header-display":"","ast-hfb-above-header-display":"","ast-hfb-below-header-display":"","ast-hfb-mobile-header-display":"","site-post-title":"disabled","ast-breadcrumbs-content":"","ast-featured-img":"disabled","footer-sml-layout":"","ast-disable-related-posts":"","theme-transparent-header-meta":"","adv-header-id-meta":"","stick-header-meta":"","header-above-stick-meta":"","header-main-stick-meta":"","header-below-stick-meta":"","astra-migrate-meta-layouts":"set","ast-page-background-enabled":"default","ast-page-background-meta":{"desktop":{"background-color":"var(--ast-global-color-4)","background-image":"","background-repeat":"repeat","background-position":"center center","background-size":"auto","background-attachment":"scroll","background-type":"","background-media":"","overlay-type":"","overlay-color":"","overlay-opacity":"","overlay-gradient":""},"tablet":{"background-color":"","background-image":"","background-repeat":"repeat","background-position":"center center","background-size":"auto","background-attachment":"scroll","background-type":"","background-media":"","overlay-type":"","overlay-color":"","overlay-opacity":"","overlay-gradient":""},"mobile":{"background-color":"","background-image":"","background-repeat":"repeat","background-position":"center center","background-size":"auto","background-attachment":"scroll","background-type":"","background-media":"","overlay-type":"","overlay-color":"","overlay-opacity":"","overlay-gradient":""}},"ast-content-background-meta":{"desktop":{"background-color":"var(--ast-global-color-5)","background-image":"","background-repeat":"repeat","background-position":"center center","background-size":"auto","background-attachment":"scroll","background-type":"","background-media":"","overlay-type":"","overlay-color":"","overlay-opacity":"","overlay-gradient":""},"tablet":{"background-color":"var(--ast-global-color-5)","background-image":"","background-repeat":"repeat","background-position":"center center","background-size":"auto","background-attachment":"scroll","background-type":"","background-media":"","overlay-type":"","overlay-color":"","overlay-opacity":"","overlay-gradient":""},"mobile":{"background-color":"var(--ast-global-color-5)","background-image":"","background-repeat":"repeat","background-position":"center center","background-size":"auto","background-attachment":"scroll","background-type":"","background-media":"","overlay-type":"","overlay-color":"","overlay-opacity":"","overlay-gradient":""}},"footnotes":""},"class_list":["post-1863","page","type-page","status-publish","hentry"],"_links":{"self":[{"href":"https:\/\/szitakotokreativsuli.nortak.hu\/en\/wp-json\/wp\/v2\/pages\/1863","targetHints":{"allow":["GET"]}}],"collection":[{"href":"https:\/\/szitakotokreativsuli.nortak.hu\/en\/wp-json\/wp\/v2\/pages"}],"about":[{"href":"https:\/\/szitakotokreativsuli.nortak.hu\/en\/wp-json\/wp\/v2\/types\/page"}],"author":[{"embeddable":true,"href":"https:\/\/szitakotokreativsuli.nortak.hu\/en\/wp-json\/wp\/v2\/users\/2"}],"replies":[{"embeddable":true,"href":"https:\/\/szitakotokreativsuli.nortak.hu\/en\/wp-json\/wp\/v2\/comments?post=1863"}],"version-history":[{"count":35,"href":"https:\/\/szitakotokreativsuli.nortak.hu\/en\/wp-json\/wp\/v2\/pages\/1863\/revisions"}],"predecessor-version":[{"id":2684,"href":"https:\/\/szitakotokreativsuli.nortak.hu\/en\/wp-json\/wp\/v2\/pages\/1863\/revisions\/2684"}],"wp:attachment":[{"href":"https:\/\/szitakotokreativsuli.nortak.hu\/en\/wp-json\/wp\/v2\/media?parent=1863"}],"curies":[{"name":"wp","href":"https:\/\/api.w.org\/{rel}","templated":true}]}}