{"id":1845,"date":"2025-12-13T12:36:47","date_gmt":"2025-12-13T12:36:47","guid":{"rendered":"https:\/\/szitakotokreativsuli.nortak.hu\/?page_id=1845"},"modified":"2026-02-06T14:54:24","modified_gmt":"2026-02-06T14:54:24","slug":"szitakoto-divatmuhely","status":"publish","type":"page","link":"https:\/\/szitakotokreativsuli.nortak.hu\/en\/szitakoto-divatmuhely\/","title":{"rendered":"DRAGONFLY FASHION WORKSHOP"},"content":{"rendered":"<div data-elementor-type=\"wp-page\" data-elementor-id=\"1845\" class=\"elementor elementor-1845\" data-elementor-post-type=\"page\">\n\t\t\t\t\t\t<section class=\"elementor-section elementor-top-section elementor-element elementor-element-835493e elementor-section-boxed elementor-section-height-default elementor-section-height-default\" data-id=\"835493e\" data-element_type=\"section\" data-e-type=\"section\">\n\t\t\t\t\t\t<div class=\"elementor-container elementor-column-gap-default\">\n\t\t\t\t\t<div class=\"elementor-column elementor-col-100 elementor-top-column elementor-element elementor-element-5c47424\" data-id=\"5c47424\" data-element_type=\"column\" data-e-type=\"column\">\n\t\t\t<div class=\"elementor-widget-wrap elementor-element-populated\">\n\t\t\t\t\t\t<div class=\"elementor-element elementor-element-7d84799 elementor-widget elementor-widget-spacer\" data-id=\"7d84799\" data-element_type=\"widget\" data-e-type=\"widget\" data-widget_type=\"spacer.default\">\n\t\t\t\t<div class=\"elementor-widget-container\">\n\t\t\t\t\t\t\t<div class=\"elementor-spacer\">\n\t\t\t<div class=\"elementor-spacer-inner\"><\/div>\n\t\t<\/div>\n\t\t\t\t\t\t<\/div>\n\t\t\t\t<\/div>\n\t\t\t\t\t<\/div>\n\t\t<\/div>\n\t\t\t\t\t<\/div>\n\t\t<\/section>\n\t\t\t\t<section class=\"elementor-section elementor-top-section elementor-element elementor-element-0ed789f elementor-section-boxed elementor-section-height-default elementor-section-height-default\" data-id=\"0ed789f\" data-element_type=\"section\" data-e-type=\"section\">\n\t\t\t\t\t\t<div class=\"elementor-container elementor-column-gap-default\">\n\t\t\t\t\t<div class=\"elementor-column elementor-col-100 elementor-top-column elementor-element elementor-element-d45169d\" data-id=\"d45169d\" data-element_type=\"column\" data-e-type=\"column\">\n\t\t\t<div class=\"elementor-widget-wrap elementor-element-populated\">\n\t\t\t\t\t\t<div class=\"elementor-element elementor-element-02c953a elementor-widget elementor-widget-heading\" data-id=\"02c953a\" data-element_type=\"widget\" data-e-type=\"widget\" data-widget_type=\"heading.default\">\n\t\t\t\t<div class=\"elementor-widget-container\">\n\t\t\t\t\t<h3 class=\"elementor-heading-title elementor-size-default\">DRAGONFLY FASHION WORKSHOP<\/h3>\t\t\t\t<\/div>\n\t\t\t\t<\/div>\n\t\t\t\t\t<\/div>\n\t\t<\/div>\n\t\t\t\t\t<\/div>\n\t\t<\/section>\n\t\t\t\t<section class=\"elementor-section elementor-top-section elementor-element elementor-element-efd91c7 elementor-section-boxed elementor-section-height-default elementor-section-height-default\" data-id=\"efd91c7\" data-element_type=\"section\" data-e-type=\"section\">\n\t\t\t\t\t\t<div class=\"elementor-container elementor-column-gap-default\">\n\t\t\t\t\t<div class=\"elementor-column elementor-col-100 elementor-top-column elementor-element elementor-element-3bb325e\" data-id=\"3bb325e\" data-element_type=\"column\" data-e-type=\"column\">\n\t\t\t<div class=\"elementor-widget-wrap elementor-element-populated\">\n\t\t\t\t\t\t<div class=\"elementor-element elementor-element-28a3d6b elementor-widget elementor-widget-text-editor\" data-id=\"28a3d6b\" data-element_type=\"widget\" data-e-type=\"widget\" data-widget_type=\"text-editor.default\">\n\t\t\t\t<div class=\"elementor-widget-container\">\n\t\t\t\t\t\t\t\t\t<p>4-month creative programme for girls and boys aged 8-14<\/p>\t\t\t\t\t\t\t\t<\/div>\n\t\t\t\t<\/div>\n\t\t\t\t\t<\/div>\n\t\t<\/div>\n\t\t\t\t\t<\/div>\n\t\t<\/section>\n\t\t\t\t<section class=\"elementor-section elementor-top-section elementor-element elementor-element-7f61c29 elementor-section-boxed elementor-section-height-default elementor-section-height-default\" data-id=\"7f61c29\" data-element_type=\"section\" data-e-type=\"section\">\n\t\t\t\t\t\t<div class=\"elementor-container elementor-column-gap-default\">\n\t\t\t\t\t<div class=\"elementor-column elementor-col-100 elementor-top-column elementor-element elementor-element-d0e502b\" data-id=\"d0e502b\" data-element_type=\"column\" data-e-type=\"column\">\n\t\t\t<div class=\"elementor-widget-wrap\">\n\t\t\t\t\t\t\t<\/div>\n\t\t<\/div>\n\t\t\t\t\t<\/div>\n\t\t<\/section>\n\t\t\t\t<section class=\"elementor-section elementor-top-section elementor-element elementor-element-3c1cdf3 elementor-section-boxed elementor-section-height-default elementor-section-height-default\" data-id=\"3c1cdf3\" data-element_type=\"section\" data-e-type=\"section\">\n\t\t\t\t\t\t<div class=\"elementor-container elementor-column-gap-default\">\n\t\t\t\t\t<div class=\"elementor-column elementor-col-50 elementor-top-column elementor-element elementor-element-d7dd876\" data-id=\"d7dd876\" data-element_type=\"column\" data-e-type=\"column\">\n\t\t\t<div class=\"elementor-widget-wrap elementor-element-populated\">\n\t\t\t\t\t\t<div class=\"elementor-element elementor-element-ae22a9d elementor-widget__width-initial elementor-widget elementor-widget-text-editor\" data-id=\"ae22a9d\" data-element_type=\"widget\" data-e-type=\"widget\" data-widget_type=\"text-editor.default\">\n\t\t\t\t<div class=\"elementor-widget-container\">\n\t\t\t\t\t\t\t\t\t<p><span style=\"font-weight: 400;\">Fee: 60.000 HUF (in 4 instalments) - <em>5% discount for couples<\/em>. <em>15.000,- on application and in monthly instalments thereafter. Discount can be deducted from the 2nd instalment.<\/em><\/span><\/p><p><span style=\"font-weight: 400;\">Duration:<\/span><span style=\"font-weight: 400;\"> 6 February - 29 May 2026, Friday, 14:00-16:45<\/span><\/p><p>All materials and tools are provided.<\/p>\t\t\t\t\t\t\t\t<\/div>\n\t\t\t\t<\/div>\n\t\t\t\t<div class=\"elementor-element elementor-element-0870e09 elementor-align-center elementor-widget elementor-widget-button\" data-id=\"0870e09\" data-element_type=\"widget\" data-e-type=\"widget\" data-widget_type=\"button.default\">\n\t\t\t\t<div class=\"elementor-widget-container\">\n\t\t\t\t\t\t\t\t\t<div class=\"elementor-button-wrapper\">\n\t\t\t\t\t<a class=\"elementor-button elementor-button-link elementor-size-sm\" href=\"#elementor-action%3Aaction%3Dpopup%3Aopen%26settings%3DeyJpZCI6IjIxNTAiLCJ0b2dnbGUiOmZhbHNlfQ%3D%3D\">\n\t\t\t\t\t\t<span class=\"elementor-button-content-wrapper\">\n\t\t\t\t\t\t\t\t\t<span class=\"elementor-button-text\">Sign me up<\/span>\n\t\t\t\t\t<\/span>\n\t\t\t\t\t<\/a>\n\t\t\t\t<\/div>\n\t\t\t\t\t\t\t\t<\/div>\n\t\t\t\t<\/div>\n\t\t\t\t\t<\/div>\n\t\t<\/div>\n\t\t\t\t<div class=\"elementor-column elementor-col-50 elementor-top-column elementor-element elementor-element-f3194c6\" data-id=\"f3194c6\" data-element_type=\"column\" data-e-type=\"column\">\n\t\t\t<div class=\"elementor-widget-wrap elementor-element-populated\">\n\t\t\t\t\t\t<div class=\"elementor-element elementor-element-bc6b133 elementor-widget elementor-widget-image\" data-id=\"bc6b133\" data-element_type=\"widget\" data-e-type=\"widget\" data-widget_type=\"image.default\">\n\t\t\t\t<div class=\"elementor-widget-container\">\n\t\t\t\t\t\t\t\t\t\t\t\t\t\t\t<img fetchpriority=\"high\" decoding=\"async\" width=\"768\" height=\"512\" src=\"https:\/\/szitakotokreativsuli.nortak.hu\/wp-content\/uploads\/2025\/12\/4.-divatmuhely-768x512.png\" class=\"attachment-medium_large size-medium_large wp-image-1512\" alt=\"Szitak\u00f6t\u0151 divatm\u0171hely\" srcset=\"https:\/\/szitakotokreativsuli.nortak.hu\/wp-content\/uploads\/2025\/12\/4.-divatmuhely-768x512.png 768w, https:\/\/szitakotokreativsuli.nortak.hu\/wp-content\/uploads\/2025\/12\/4.-divatmuhely-600x400.png 600w, https:\/\/szitakotokreativsuli.nortak.hu\/wp-content\/uploads\/2025\/12\/4.-divatmuhely-300x200.png 300w, https:\/\/szitakotokreativsuli.nortak.hu\/wp-content\/uploads\/2025\/12\/4.-divatmuhely-1024x683.png 1024w, https:\/\/szitakotokreativsuli.nortak.hu\/wp-content\/uploads\/2025\/12\/4.-divatmuhely.png 1200w\" sizes=\"(max-width: 768px) 100vw, 768px\" \/>\t\t\t\t\t\t\t\t\t\t\t\t\t\t\t<\/div>\n\t\t\t\t<\/div>\n\t\t\t\t\t<\/div>\n\t\t<\/div>\n\t\t\t\t\t<\/div>\n\t\t<\/section>\n\t\t\t\t<section class=\"elementor-section elementor-top-section elementor-element elementor-element-1ee7674 elementor-section-boxed elementor-section-height-default elementor-section-height-default\" data-id=\"1ee7674\" data-element_type=\"section\" data-e-type=\"section\">\n\t\t\t\t\t\t<div class=\"elementor-container elementor-column-gap-default\">\n\t\t\t\t\t<div class=\"elementor-column elementor-col-100 elementor-top-column elementor-element elementor-element-52b6185\" data-id=\"52b6185\" data-element_type=\"column\" data-e-type=\"column\">\n\t\t\t<div class=\"elementor-widget-wrap elementor-element-populated\">\n\t\t\t\t\t\t<div class=\"elementor-element elementor-element-61893bc elementor-widget elementor-widget-spacer\" data-id=\"61893bc\" data-element_type=\"widget\" data-e-type=\"widget\" data-widget_type=\"spacer.default\">\n\t\t\t\t<div class=\"elementor-widget-container\">\n\t\t\t\t\t\t\t<div class=\"elementor-spacer\">\n\t\t\t<div class=\"elementor-spacer-inner\"><\/div>\n\t\t<\/div>\n\t\t\t\t\t\t<\/div>\n\t\t\t\t<\/div>\n\t\t\t\t\t<\/div>\n\t\t<\/div>\n\t\t\t\t\t<\/div>\n\t\t<\/section>\n\t\t\t\t<section class=\"elementor-section elementor-top-section elementor-element elementor-element-b1a873c elementor-section-boxed elementor-section-height-default elementor-section-height-default\" data-id=\"b1a873c\" data-element_type=\"section\" data-e-type=\"section\">\n\t\t\t\t\t\t<div class=\"elementor-container elementor-column-gap-default\">\n\t\t\t\t\t<div class=\"elementor-column elementor-col-100 elementor-top-column elementor-element elementor-element-6c5a1e0\" data-id=\"6c5a1e0\" data-element_type=\"column\" data-e-type=\"column\">\n\t\t\t<div class=\"elementor-widget-wrap elementor-element-populated\">\n\t\t\t\t\t\t<div class=\"elementor-element elementor-element-b85d66f elementor-widget elementor-widget-text-editor\" data-id=\"b85d66f\" data-element_type=\"widget\" data-e-type=\"widget\" data-widget_type=\"text-editor.default\">\n\t\t\t\t<div class=\"elementor-widget-container\">\n\t\t\t\t\t\t\t\t\t<p>Magical, inspiring and creative afternoons await children in the new Fashion Workshop programme at Dragonfly Creative School! This 4-month course is a unique opportunity to discover the joy of fashion design and hand sewing in a playful, loving environment.<br \/>Children create miniature mannequins to create spectacular, quick-success garments while learning the basics of fashion design: drawing, pattern-making, fabric selection and simple, safe hand stitching.<br \/>The course consists of 15 consecutive sessions where everyone can develop - from beginners to the very skilled.<\/p><p><b>Important information<\/b><\/p><p><span style=\"font-weight: 400;\">- Courses start with a minimum of 6 participants. If the group does not fill up, the booking can be rescheduled free of charge to another date or programme at least 14 days before the start date.<\/span><\/p><p><span style=\"font-weight: 400;\">- Adult education registration number: B\/2020\/008010<\/span><\/p><p><strong>What does a child learn in the Fashion Workshop?<\/strong><\/p><p>Over the course of 4 months, we will go through a full, child-friendly version of the fashion and sewing basics:<\/p><ul><li style=\"font-weight: 400;\" aria-level=\"1\">recognising and measuring body sizes (waist, hips, breasts)<\/li><li style=\"font-weight: 400;\" aria-level=\"1\">use of simpler patterns<\/li><li style=\"font-weight: 400;\" aria-level=\"1\">manual stitches: worm, running, nappy<\/li><li style=\"font-weight: 400;\" aria-level=\"1\">learning about and matching materials and colours<\/li><li style=\"font-weight: 400;\" aria-level=\"1\">decoration techniques: frill, ribbon, bead, bow<\/li><li style=\"font-weight: 400;\" aria-level=\"1\">creative design: styles, collection thinking<\/li><li style=\"font-weight: 400;\" aria-level=\"1\">dress rehearsals on a miniature doll, adjustment basics<\/li><li style=\"font-weight: 400;\" aria-level=\"1\">self-confidence, visual thinking, fine motor skills<\/li><\/ul>\t\t\t\t\t\t\t\t<\/div>\n\t\t\t\t<\/div>\n\t\t\t\t<div class=\"elementor-element elementor-element-2c233c9 elementor-align-left elementor-widget elementor-widget-button\" data-id=\"2c233c9\" data-element_type=\"widget\" data-e-type=\"widget\" data-widget_type=\"button.default\">\n\t\t\t\t<div class=\"elementor-widget-container\">\n\t\t\t\t\t\t\t\t\t<div class=\"elementor-button-wrapper\">\n\t\t\t\t\t<a class=\"elementor-button elementor-button-link elementor-size-sm\" href=\"#elementor-action%3Aaction%3Dpopup%3Aopen%26settings%3DeyJpZCI6IjIxNTAiLCJ0b2dnbGUiOmZhbHNlfQ%3D%3D\">\n\t\t\t\t\t\t<span class=\"elementor-button-content-wrapper\">\n\t\t\t\t\t\t\t\t\t<span class=\"elementor-button-text\">Sign me up<\/span>\n\t\t\t\t\t<\/span>\n\t\t\t\t\t<\/a>\n\t\t\t\t<\/div>\n\t\t\t\t\t\t\t\t<\/div>\n\t\t\t\t<\/div>\n\t\t\t\t\t<\/div>\n\t\t<\/div>\n\t\t\t\t\t<\/div>\n\t\t<\/section>\n\t\t\t\t<section class=\"elementor-section elementor-top-section elementor-element elementor-element-c51887b elementor-section-boxed elementor-section-height-default elementor-section-height-default\" data-id=\"c51887b\" data-element_type=\"section\" data-e-type=\"section\">\n\t\t\t\t\t\t<div class=\"elementor-container elementor-column-gap-default\">\n\t\t\t\t\t<div class=\"elementor-column elementor-col-100 elementor-top-column elementor-element elementor-element-f55d13c\" data-id=\"f55d13c\" data-element_type=\"column\" data-e-type=\"column\">\n\t\t\t<div class=\"elementor-widget-wrap elementor-element-populated\">\n\t\t\t\t\t\t<div class=\"elementor-element elementor-element-ac30153 elementor-widget elementor-widget-text-editor\" data-id=\"ac30153\" data-element_type=\"widget\" data-e-type=\"widget\" data-widget_type=\"text-editor.default\">\n\t\t\t\t<div class=\"elementor-widget-container\">\n\t\t\t\t\t\t\t\t\t<p>Each session starts with a short, exciting 10-minute theory session to help you understand, followed by practice and creation.<br \/>Each week, we give children a playful Creative Mission (never a school project!) to develop their imagination and support their next project.<\/p><p>This is a time of really spectacular progress: children are no longer just making clothes, they are thinking, planning and making decisions for themselves - with great joy.<\/p><p><strong>Why do children love it?<\/strong><\/p><ul><li style=\"font-weight: 400;\" aria-level=\"1\">everyone can be successful, regardless of skill level<\/li><li style=\"font-weight: 400;\" aria-level=\"1\">they are given creative freedom<\/li><li style=\"font-weight: 400;\" aria-level=\"1\">see their own ideas turned into tangible clothes<\/li><li style=\"font-weight: 400;\" aria-level=\"1\">beautiful Barbie-sized pieces are made to take home<\/li><li style=\"font-weight: 400;\" aria-level=\"1\">create in a friendly, supportive environment<\/li><li style=\"font-weight: 400;\" aria-level=\"1\">develop their confidence, concentration and dexterity<\/li><li style=\"font-weight: 400;\" aria-level=\"1\">have a real \u201cfashion designer\u201d experience<\/li><\/ul><p><strong>Why do parents like it?<\/strong><\/p><ul><li>we provide all materials and tools<\/li><li>safe, controlled, yet free creation<\/li><li>a clear, well-structured 4-month thematic framework<\/li><li>real development: fine motor skills, spatial perception, self-expression<\/li><li>children look forward to Friday sessions<\/li><\/ul>\t\t\t\t\t\t\t\t<\/div>\n\t\t\t\t<\/div>\n\t\t\t\t<div class=\"elementor-element elementor-element-f80438d elementor-align-center elementor-widget elementor-widget-button\" data-id=\"f80438d\" data-element_type=\"widget\" data-e-type=\"widget\" data-widget_type=\"button.default\">\n\t\t\t\t<div class=\"elementor-widget-container\">\n\t\t\t\t\t\t\t\t\t<div class=\"elementor-button-wrapper\">\n\t\t\t\t\t<a class=\"elementor-button elementor-button-link elementor-size-sm\" href=\"#elementor-action%3Aaction%3Dpopup%3Aopen%26settings%3DeyJpZCI6IjIxNTAiLCJ0b2dnbGUiOmZhbHNlfQ%3D%3D\">\n\t\t\t\t\t\t<span class=\"elementor-button-content-wrapper\">\n\t\t\t\t\t\t\t\t\t<span class=\"elementor-button-text\">Sign me up<\/span>\n\t\t\t\t\t<\/span>\n\t\t\t\t\t<\/a>\n\t\t\t\t<\/div>\n\t\t\t\t\t\t\t\t<\/div>\n\t\t\t\t<\/div>\n\t\t\t\t\t<\/div>\n\t\t<\/div>\n\t\t\t\t\t<\/div>\n\t\t<\/section>\n\t\t\t\t<\/div>","protected":false},"excerpt":{"rendered":"<p>SZITAK\u00d6T\u0150 DIVATM\u0170HELY 4 h\u00f3napos kreat\u00edv program 8\u201314 \u00e9ves l\u00e1nyoknak, fi\u00faknak D\u00edj: 60.000 Ft (4 r\u00e9szletben) &#8211; p\u00e1ros jelentkez\u00e9s eset\u00e9n 5% kedvezm\u00e9ny. Jelentkez\u00e9skor 15.000,- ut\u00e1na havi r\u00e9szletekben. Kedvezm\u00e9ny a 2. r\u00e9szletb\u0151l vonhat\u00f3 le. Id\u0151tartam: 2026. febru\u00e1r 6. \u2013 m\u00e1jus 29. p\u00e9ntek, 14:00\u201316:45 Minden anyagot, eszk\u00f6zt biztos\u00edtunk. Jelentkezem Var\u00e1zslatos, inspir\u00e1l\u00f3, alkot\u00e1ssal teli d\u00e9lut\u00e1nok v\u00e1rj\u00e1k a gyerekeket a [&hellip;]<\/p>","protected":false},"author":2,"featured_media":0,"parent":0,"menu_order":0,"comment_status":"closed","ping_status":"closed","template":"","meta":{"site-sidebar-layout":"no-sidebar","site-content-layout":"page-builder","ast-site-content-layout":"full-width-container","site-content-style":"default","site-sidebar-style":"default","ast-global-header-display":"","ast-banner-title-visibility":"","ast-main-header-display":"","ast-hfb-above-header-display":"","ast-hfb-below-header-display":"","ast-hfb-mobile-header-display":"","site-post-title":"disabled","ast-breadcrumbs-content":"","ast-featured-img":"disabled","footer-sml-layout":"","ast-disable-related-posts":"","theme-transparent-header-meta":"","adv-header-id-meta":"","stick-header-meta":"","header-above-stick-meta":"","header-main-stick-meta":"","header-below-stick-meta":"","astra-migrate-meta-layouts":"set","ast-page-background-enabled":"default","ast-page-background-meta":{"desktop":{"background-color":"var(--ast-global-color-4)","background-image":"","background-repeat":"repeat","background-position":"center center","background-size":"auto","background-attachment":"scroll","background-type":"","background-media":"","overlay-type":"","overlay-color":"","overlay-opacity":"","overlay-gradient":""},"tablet":{"background-color":"","background-image":"","background-repeat":"repeat","background-position":"center center","background-size":"auto","background-attachment":"scroll","background-type":"","background-media":"","overlay-type":"","overlay-color":"","overlay-opacity":"","overlay-gradient":""},"mobile":{"background-color":"","background-image":"","background-repeat":"repeat","background-position":"center center","background-size":"auto","background-attachment":"scroll","background-type":"","background-media":"","overlay-type":"","overlay-color":"","overlay-opacity":"","overlay-gradient":""}},"ast-content-background-meta":{"desktop":{"background-color":"var(--ast-global-color-5)","background-image":"","background-repeat":"repeat","background-position":"center center","background-size":"auto","background-attachment":"scroll","background-type":"","background-media":"","overlay-type":"","overlay-color":"","overlay-opacity":"","overlay-gradient":""},"tablet":{"background-color":"var(--ast-global-color-5)","background-image":"","background-repeat":"repeat","background-position":"center center","background-size":"auto","background-attachment":"scroll","background-type":"","background-media":"","overlay-type":"","overlay-color":"","overlay-opacity":"","overlay-gradient":""},"mobile":{"background-color":"var(--ast-global-color-5)","background-image":"","background-repeat":"repeat","background-position":"center center","background-size":"auto","background-attachment":"scroll","background-type":"","background-media":"","overlay-type":"","overlay-color":"","overlay-opacity":"","overlay-gradient":""}},"footnotes":""},"class_list":["post-1845","page","type-page","status-publish","hentry"],"_links":{"self":[{"href":"https:\/\/szitakotokreativsuli.nortak.hu\/en\/wp-json\/wp\/v2\/pages\/1845","targetHints":{"allow":["GET"]}}],"collection":[{"href":"https:\/\/szitakotokreativsuli.nortak.hu\/en\/wp-json\/wp\/v2\/pages"}],"about":[{"href":"https:\/\/szitakotokreativsuli.nortak.hu\/en\/wp-json\/wp\/v2\/types\/page"}],"author":[{"embeddable":true,"href":"https:\/\/szitakotokreativsuli.nortak.hu\/en\/wp-json\/wp\/v2\/users\/2"}],"replies":[{"embeddable":true,"href":"https:\/\/szitakotokreativsuli.nortak.hu\/en\/wp-json\/wp\/v2\/comments?post=1845"}],"version-history":[{"count":28,"href":"https:\/\/szitakotokreativsuli.nortak.hu\/en\/wp-json\/wp\/v2\/pages\/1845\/revisions"}],"predecessor-version":[{"id":2645,"href":"https:\/\/szitakotokreativsuli.nortak.hu\/en\/wp-json\/wp\/v2\/pages\/1845\/revisions\/2645"}],"wp:attachment":[{"href":"https:\/\/szitakotokreativsuli.nortak.hu\/en\/wp-json\/wp\/v2\/media?parent=1845"}],"curies":[{"name":"wp","href":"https:\/\/api.w.org\/{rel}","templated":true}]}}