{"id":1824,"date":"2025-12-13T12:05:37","date_gmt":"2025-12-13T12:05:37","guid":{"rendered":"https:\/\/szitakotokreativsuli.nortak.hu\/?page_id=1824"},"modified":"2026-02-06T15:04:31","modified_gmt":"2026-02-06T15:04:31","slug":"halado-varrotanfolyam","status":"publish","type":"page","link":"https:\/\/szitakotokreativsuli.nortak.hu\/en\/halado-varrotanfolyam\/","title":{"rendered":"ADVANCED SEWING COURSE"},"content":{"rendered":"<div data-elementor-type=\"wp-page\" data-elementor-id=\"1824\" class=\"elementor elementor-1824\" data-elementor-post-type=\"page\">\n\t\t\t\t\t\t<section class=\"elementor-section elementor-top-section elementor-element elementor-element-835493e elementor-section-boxed elementor-section-height-default elementor-section-height-default\" data-id=\"835493e\" data-element_type=\"section\" data-e-type=\"section\">\n\t\t\t\t\t\t<div class=\"elementor-container elementor-column-gap-default\">\n\t\t\t\t\t<div class=\"elementor-column elementor-col-100 elementor-top-column elementor-element elementor-element-5c47424\" data-id=\"5c47424\" data-element_type=\"column\" data-e-type=\"column\">\n\t\t\t<div class=\"elementor-widget-wrap elementor-element-populated\">\n\t\t\t\t\t\t<div class=\"elementor-element elementor-element-7d84799 elementor-widget elementor-widget-spacer\" data-id=\"7d84799\" data-element_type=\"widget\" data-e-type=\"widget\" data-widget_type=\"spacer.default\">\n\t\t\t\t<div class=\"elementor-widget-container\">\n\t\t\t\t\t\t\t<div class=\"elementor-spacer\">\n\t\t\t<div class=\"elementor-spacer-inner\"><\/div>\n\t\t<\/div>\n\t\t\t\t\t\t<\/div>\n\t\t\t\t<\/div>\n\t\t\t\t\t<\/div>\n\t\t<\/div>\n\t\t\t\t\t<\/div>\n\t\t<\/section>\n\t\t\t\t<section class=\"elementor-section elementor-top-section elementor-element elementor-element-0ed789f elementor-section-boxed elementor-section-height-default elementor-section-height-default\" data-id=\"0ed789f\" data-element_type=\"section\" data-e-type=\"section\">\n\t\t\t\t\t\t<div class=\"elementor-container elementor-column-gap-default\">\n\t\t\t\t\t<div class=\"elementor-column elementor-col-100 elementor-top-column elementor-element elementor-element-d45169d\" data-id=\"d45169d\" data-element_type=\"column\" data-e-type=\"column\">\n\t\t\t<div class=\"elementor-widget-wrap elementor-element-populated\">\n\t\t\t\t\t\t<div class=\"elementor-element elementor-element-02c953a elementor-widget elementor-widget-heading\" data-id=\"02c953a\" data-element_type=\"widget\" data-e-type=\"widget\" data-widget_type=\"heading.default\">\n\t\t\t\t<div class=\"elementor-widget-container\">\n\t\t\t\t\t<h3 class=\"elementor-heading-title elementor-size-default\">SUSPENDING VARROTANFOLYAM (70 hours)<\/h3>\t\t\t\t<\/div>\n\t\t\t\t<\/div>\n\t\t\t\t\t<\/div>\n\t\t<\/div>\n\t\t\t\t\t<\/div>\n\t\t<\/section>\n\t\t\t\t<section class=\"elementor-section elementor-top-section elementor-element elementor-element-efd91c7 elementor-section-boxed elementor-section-height-default elementor-section-height-default\" data-id=\"efd91c7\" data-element_type=\"section\" data-e-type=\"section\">\n\t\t\t\t\t\t<div class=\"elementor-container elementor-column-gap-default\">\n\t\t\t\t\t<div class=\"elementor-column elementor-col-100 elementor-top-column elementor-element elementor-element-3bb325e\" data-id=\"3bb325e\" data-element_type=\"column\" data-e-type=\"column\">\n\t\t\t<div class=\"elementor-widget-wrap elementor-element-populated\">\n\t\t\t\t\t\t<div class=\"elementor-element elementor-element-28a3d6b elementor-widget elementor-widget-text-editor\" data-id=\"28a3d6b\" data-element_type=\"widget\" data-e-type=\"widget\" data-widget_type=\"text-editor.default\">\n\t\t\t\t<div class=\"elementor-widget-container\">\n\t\t\t\t\t\t\t\t\t<p>1x per week, 3 hours in the morning or evening<\/p><p>a development programme for those who want to sew more confidently and professionally, or who get stuck<\/p>\t\t\t\t\t\t\t\t<\/div>\n\t\t\t\t<\/div>\n\t\t\t\t\t<\/div>\n\t\t<\/div>\n\t\t\t\t\t<\/div>\n\t\t<\/section>\n\t\t\t\t<section class=\"elementor-section elementor-top-section elementor-element elementor-element-7f61c29 elementor-section-boxed elementor-section-height-default elementor-section-height-default\" data-id=\"7f61c29\" data-element_type=\"section\" data-e-type=\"section\">\n\t\t\t\t\t\t<div class=\"elementor-container elementor-column-gap-default\">\n\t\t\t\t\t<div class=\"elementor-column elementor-col-100 elementor-top-column elementor-element elementor-element-d0e502b\" data-id=\"d0e502b\" data-element_type=\"column\" data-e-type=\"column\">\n\t\t\t<div class=\"elementor-widget-wrap\">\n\t\t\t\t\t\t\t<\/div>\n\t\t<\/div>\n\t\t\t\t\t<\/div>\n\t\t<\/section>\n\t\t\t\t<section class=\"elementor-section elementor-top-section elementor-element elementor-element-3c1cdf3 elementor-section-boxed elementor-section-height-default elementor-section-height-default\" data-id=\"3c1cdf3\" data-element_type=\"section\" data-e-type=\"section\">\n\t\t\t\t\t\t<div class=\"elementor-container elementor-column-gap-default\">\n\t\t\t\t\t<div class=\"elementor-column elementor-col-50 elementor-top-column elementor-element elementor-element-d7dd876\" data-id=\"d7dd876\" data-element_type=\"column\" data-e-type=\"column\">\n\t\t\t<div class=\"elementor-widget-wrap elementor-element-populated\">\n\t\t\t\t\t\t<div class=\"elementor-element elementor-element-ae22a9d elementor-widget__width-initial elementor-widget elementor-widget-text-editor\" data-id=\"ae22a9d\" data-element_type=\"widget\" data-e-type=\"widget\" data-widget_type=\"text-editor.default\">\n\t\t\t\t<div class=\"elementor-widget-container\">\n\t\t\t\t\t\t\t\t\t<p><span style=\"font-weight: 400;\">Imagine how inspiring it is to sew in a creative, happy group! This advanced course provides exactly that atmosphere: community, momentum and professional development. The focus is on getting you to be braver with new fabrics, more complex techniques and really take your sewing to the next level.<\/span><\/p><p><span style=\"font-weight: 400;\">Prize<\/span><span style=\"font-weight: 400;\">: 100.000,- ft (in 4 instalments) - <\/span><i><span style=\"font-weight: 400;\">5% discount for couples <\/span><\/i><em><span style=\"font-weight: 400;\">or <\/span><\/em><span style=\"font-weight: 400;\"><em>7.000,-\/application if you can't\/don't want to commit in advance<\/em><\/span><\/p><p><span style=\"font-weight: 400;\">Duration:<\/span><span style=\"font-weight: 400;\"> 70 hours<\/span><\/p><p><span style=\"font-weight: 400;\">evening group: tuesday or thursday 16:45-19:45\u00a0<\/span><\/p><p><span style=\"font-weight: 400;\">morning group: monday or wednesday 9:00-12:00\u00a0<\/span><\/p>\t\t\t\t\t\t\t\t<\/div>\n\t\t\t\t<\/div>\n\t\t\t\t<div class=\"elementor-element elementor-element-0870e09 elementor-align-center elementor-widget elementor-widget-button\" data-id=\"0870e09\" data-element_type=\"widget\" data-e-type=\"widget\" data-widget_type=\"button.default\">\n\t\t\t\t<div class=\"elementor-widget-container\">\n\t\t\t\t\t\t\t\t\t<div class=\"elementor-button-wrapper\">\n\t\t\t\t\t<a class=\"elementor-button elementor-button-link elementor-size-sm\" href=\"#elementor-action%3Aaction%3Dpopup%3Aopen%26settings%3DeyJpZCI6IjIxMjgiLCJ0b2dnbGUiOmZhbHNlfQ%3D%3D\">\n\t\t\t\t\t\t<span class=\"elementor-button-content-wrapper\">\n\t\t\t\t\t\t\t\t\t<span class=\"elementor-button-text\">Sign me up<\/span>\n\t\t\t\t\t<\/span>\n\t\t\t\t\t<\/a>\n\t\t\t\t<\/div>\n\t\t\t\t\t\t\t\t<\/div>\n\t\t\t\t<\/div>\n\t\t\t\t\t<\/div>\n\t\t<\/div>\n\t\t\t\t<div class=\"elementor-column elementor-col-50 elementor-top-column elementor-element elementor-element-f3194c6\" data-id=\"f3194c6\" data-element_type=\"column\" data-e-type=\"column\">\n\t\t\t<div class=\"elementor-widget-wrap elementor-element-populated\">\n\t\t\t\t\t\t<div class=\"elementor-element elementor-element-bc6b133 elementor-widget elementor-widget-image\" data-id=\"bc6b133\" data-element_type=\"widget\" data-e-type=\"widget\" data-widget_type=\"image.default\">\n\t\t\t\t<div class=\"elementor-widget-container\">\n\t\t\t\t\t\t\t\t\t\t\t\t\t\t\t<img fetchpriority=\"high\" decoding=\"async\" width=\"768\" height=\"505\" src=\"https:\/\/szitakotokreativsuli.nortak.hu\/wp-content\/uploads\/2025\/12\/Kepernyokep-2025-12-06-124208-768x505.png\" class=\"attachment-medium_large size-medium_large wp-image-1508\" alt=\"Halad\u00f3 varr\u00f3tanfolyam - 70 \u00f3r\u00e1s\" srcset=\"https:\/\/szitakotokreativsuli.nortak.hu\/wp-content\/uploads\/2025\/12\/Kepernyokep-2025-12-06-124208-768x505.png 768w, https:\/\/szitakotokreativsuli.nortak.hu\/wp-content\/uploads\/2025\/12\/Kepernyokep-2025-12-06-124208-600x395.png 600w, https:\/\/szitakotokreativsuli.nortak.hu\/wp-content\/uploads\/2025\/12\/Kepernyokep-2025-12-06-124208-300x197.png 300w, https:\/\/szitakotokreativsuli.nortak.hu\/wp-content\/uploads\/2025\/12\/Kepernyokep-2025-12-06-124208.png 1021w\" sizes=\"(max-width: 768px) 100vw, 768px\" \/>\t\t\t\t\t\t\t\t\t\t\t\t\t\t\t<\/div>\n\t\t\t\t<\/div>\n\t\t\t\t\t<\/div>\n\t\t<\/div>\n\t\t\t\t\t<\/div>\n\t\t<\/section>\n\t\t\t\t<section class=\"elementor-section elementor-top-section elementor-element elementor-element-1ee7674 elementor-section-boxed elementor-section-height-default elementor-section-height-default\" data-id=\"1ee7674\" data-element_type=\"section\" data-e-type=\"section\">\n\t\t\t\t\t\t<div class=\"elementor-container elementor-column-gap-default\">\n\t\t\t\t\t<div class=\"elementor-column elementor-col-100 elementor-top-column elementor-element elementor-element-52b6185\" data-id=\"52b6185\" data-element_type=\"column\" data-e-type=\"column\">\n\t\t\t<div class=\"elementor-widget-wrap elementor-element-populated\">\n\t\t\t\t\t\t<div class=\"elementor-element elementor-element-61893bc elementor-widget elementor-widget-spacer\" data-id=\"61893bc\" data-element_type=\"widget\" data-e-type=\"widget\" data-widget_type=\"spacer.default\">\n\t\t\t\t<div class=\"elementor-widget-container\">\n\t\t\t\t\t\t\t<div class=\"elementor-spacer\">\n\t\t\t<div class=\"elementor-spacer-inner\"><\/div>\n\t\t<\/div>\n\t\t\t\t\t\t<\/div>\n\t\t\t\t<\/div>\n\t\t\t\t\t<\/div>\n\t\t<\/div>\n\t\t\t\t\t<\/div>\n\t\t<\/section>\n\t\t\t\t<section class=\"elementor-section elementor-top-section elementor-element elementor-element-b1a873c elementor-section-boxed elementor-section-height-default elementor-section-height-default\" data-id=\"b1a873c\" data-element_type=\"section\" data-e-type=\"section\">\n\t\t\t\t\t\t<div class=\"elementor-container elementor-column-gap-default\">\n\t\t\t\t\t<div class=\"elementor-column elementor-col-100 elementor-top-column elementor-element elementor-element-6c5a1e0\" data-id=\"6c5a1e0\" data-element_type=\"column\" data-e-type=\"column\">\n\t\t\t<div class=\"elementor-widget-wrap elementor-element-populated\">\n\t\t\t\t\t\t<div class=\"elementor-element elementor-element-b85d66f elementor-widget elementor-widget-text-editor\" data-id=\"b85d66f\" data-element_type=\"widget\" data-e-type=\"widget\" data-widget_type=\"text-editor.default\">\n\t\t\t\t<div class=\"elementor-widget-container\">\n\t\t\t\t\t\t\t\t\t<p>During the 4 months you will learn new skills and get lots of practice - and by the end of the course you will be able to work with different types of textiles and more difficult solutions with more ease and confidence.<\/p><p><b>Important information<\/b><\/p><p><span style=\"font-weight: 400;\">- Prerequisite: basic sewing knowledge, sewing machine. <\/span><\/p><p><span style=\"font-weight: 400;\">- Courses start with a minimum of 6 participants. If the group does not fill up, the booking can be rescheduled free of charge to another date or programme at least 14 days before the start date.<\/span><\/p><p><span style=\"font-weight: 400;\">- \u00a0 \u00a0 \u00a0 \u00a0 \u00a0 <\/span><i><span style=\"font-weight: 400;\">For the project work, you bring the textiles you like, with instructions (!) and the necessary supplies.<\/span><\/i><\/p><p><span style=\"font-weight: 400;\">- Adult education registration number: B\/2020\/008010<\/span><\/p><p><strong>Who is it for?<\/strong><\/p><ul><li style=\"font-weight: 400;\" aria-level=\"1\">who can already sew and want to work with more confidence at a more advanced level<\/li><li style=\"font-weight: 400;\" aria-level=\"1\">who would like to try new textiles: lace, faux leather, stretchy fabrics<\/li><li style=\"font-weight: 400;\" aria-level=\"1\">who want to learn more professional pattern alteration<\/li><li style=\"font-weight: 400;\" aria-level=\"1\">who want to make more complex, sophisticated pieces<\/li><li style=\"font-weight: 400;\" aria-level=\"1\">who want a motivating, supportive, fun creative community<\/li><li style=\"font-weight: 400;\" aria-level=\"1\">who want \u201eself time\u201d and creative recharging<\/li><\/ul>\t\t\t\t\t\t\t\t<\/div>\n\t\t\t\t<\/div>\n\t\t\t\t<div class=\"elementor-element elementor-element-e191cd0 elementor-align-left elementor-widget elementor-widget-button\" data-id=\"e191cd0\" data-element_type=\"widget\" data-e-type=\"widget\" data-widget_type=\"button.default\">\n\t\t\t\t<div class=\"elementor-widget-container\">\n\t\t\t\t\t\t\t\t\t<div class=\"elementor-button-wrapper\">\n\t\t\t\t\t<a class=\"elementor-button elementor-button-link elementor-size-sm\" href=\"#elementor-action%3Aaction%3Dpopup%3Aopen%26settings%3DeyJpZCI6IjIxMjgiLCJ0b2dnbGUiOmZhbHNlfQ%3D%3D\">\n\t\t\t\t\t\t<span class=\"elementor-button-content-wrapper\">\n\t\t\t\t\t\t\t\t\t<span class=\"elementor-button-text\">Sign me up<\/span>\n\t\t\t\t\t<\/span>\n\t\t\t\t\t<\/a>\n\t\t\t\t<\/div>\n\t\t\t\t\t\t\t\t<\/div>\n\t\t\t\t<\/div>\n\t\t\t\t\t<\/div>\n\t\t<\/div>\n\t\t\t\t\t<\/div>\n\t\t<\/section>\n\t\t\t\t<section class=\"elementor-section elementor-top-section elementor-element elementor-element-c51887b elementor-section-boxed elementor-section-height-default elementor-section-height-default\" data-id=\"c51887b\" data-element_type=\"section\" data-e-type=\"section\">\n\t\t\t\t\t\t<div class=\"elementor-container elementor-column-gap-default\">\n\t\t\t\t\t<div class=\"elementor-column elementor-col-100 elementor-top-column elementor-element elementor-element-f55d13c\" data-id=\"f55d13c\" data-element_type=\"column\" data-e-type=\"column\">\n\t\t\t<div class=\"elementor-widget-wrap elementor-element-populated\">\n\t\t\t\t\t\t<div class=\"elementor-element elementor-element-ac30153 elementor-widget elementor-widget-text-editor\" data-id=\"ac30153\" data-element_type=\"widget\" data-e-type=\"widget\" data-widget_type=\"text-editor.default\">\n\t\t\t\t<div class=\"elementor-widget-container\">\n\t\t\t\t\t\t\t\t\t<p><strong>What will you learn in 4 months? <\/strong><span style=\"font-weight: 400;\">Detailed, real-world advanced techniques and material skills development.<\/span><\/p><ol><li><span style=\"font-weight: 400;\"><strong>Learning about and using different, more difficult to handle materials<\/strong> (Viscous materials - e.g. swimwear, sportswear)<\/span><\/li><\/ol><ul><li>managing material tension and retraction<\/li><li>choosing the right needles, threads, feet<\/li><li>edge clarification, flexible finishes<\/li><li>Lace - sewing lingerie, for example<\/li><li>translucent, delicate handling of textiles<\/li><li>lace fitting according to pattern direction<\/li><li>stabilisation on lace with simple tricks<\/li><li>Leatherette - for example backpacks and bags<\/li><li>use of special pins and needles<\/li><li>gluing, reinforcing, forming folds<\/li><li>edge decoration, strong stitching<\/li><\/ul><ol start=\"2\"><li><strong>Advanced patterns and modifications<\/strong><\/li><\/ol><ul><li><span style=\"font-weight: 400;\">shape adjustment at several points (breast, waist, hip correction)<\/span><\/li><li><span style=\"font-weight: 400;\">shoulder, armhole and sleeve adjustments<\/span><\/li><li><span style=\"font-weight: 400;\">combine patterns and create new styles<\/span><\/li><li><span style=\"font-weight: 400;\">making your own simple pattern designs<br \/><\/span><\/li><\/ul><ol start=\"3\"><li><strong>More complex sewing tasks and techniques<\/strong><\/li><\/ol><ul><li><span style=\"font-weight: 400;\">accurate assembly of garments consisting of several pieces<\/span><\/li><li><span style=\"font-weight: 400;\">lined and unlined solutions<\/span><\/li><li><span style=\"font-weight: 400;\">strapping, nailing techniques advanced<\/span><\/li><li><span style=\"font-weight: 400;\">reinforced bag ears, different types of pockets (patch pocket, zipped pocket, flap pocket)<\/span><\/li><li><span style=\"font-weight: 400;\">advanced zipper sewing: hidden, strong, decor, bag zipper<\/span><\/li><li><span style=\"font-weight: 400;\">professional edge cleaning of flexible materials<\/span><\/li><li><span style=\"font-weight: 400;\">handling thin, delicate fabrics (e.g. lace, chiffon, viscose)<br \/><\/span><\/li><\/ul><ol start=\"4\"><li><strong>Smaller projects and larger pieces of work<\/strong><\/li><\/ol><p>\u00a0During the course, participants will make a variety of projects to help them learn different techniques. The projects are structured so that each one develops a different skill, so that by the end of the 4 months you will have built up real technical confidence.<\/p><p><strong>Why is this advanced course so special?<\/strong><\/p><ul><li style=\"font-weight: 400;\" aria-level=\"1\"><span style=\"font-weight: 400;\">informal, friendly atmosphere, full of inspiration<\/span><\/li><li style=\"font-weight: 400;\" aria-level=\"1\"><span style=\"font-weight: 400;\">small numbers, so everyone gets lots of individual attention<\/span><\/li><li style=\"font-weight: 400;\" aria-level=\"1\"><span style=\"font-weight: 400;\">real advanced techniques that you can use at home<\/span><\/li><li style=\"font-weight: 400;\" aria-level=\"1\"><span style=\"font-weight: 400;\">you work with new and challenging materials, so you can take on more daring projects<\/span><\/li><li style=\"font-weight: 400;\" aria-level=\"1\"><span style=\"font-weight: 400;\">a community-building experience, where very good company comes together<\/span><\/li><\/ul>\t\t\t\t\t\t\t\t<\/div>\n\t\t\t\t<\/div>\n\t\t\t\t<div class=\"elementor-element elementor-element-e87dd99 elementor-align-center elementor-widget elementor-widget-button\" data-id=\"e87dd99\" data-element_type=\"widget\" data-e-type=\"widget\" data-widget_type=\"button.default\">\n\t\t\t\t<div class=\"elementor-widget-container\">\n\t\t\t\t\t\t\t\t\t<div class=\"elementor-button-wrapper\">\n\t\t\t\t\t<a class=\"elementor-button elementor-button-link elementor-size-sm\" href=\"#elementor-action%3Aaction%3Dpopup%3Aopen%26settings%3DeyJpZCI6IjIxMjgiLCJ0b2dnbGUiOmZhbHNlfQ%3D%3D\">\n\t\t\t\t\t\t<span class=\"elementor-button-content-wrapper\">\n\t\t\t\t\t\t\t\t\t<span class=\"elementor-button-text\">Sign me up<\/span>\n\t\t\t\t\t<\/span>\n\t\t\t\t\t<\/a>\n\t\t\t\t<\/div>\n\t\t\t\t\t\t\t\t<\/div>\n\t\t\t\t<\/div>\n\t\t\t\t\t<\/div>\n\t\t<\/div>\n\t\t\t\t\t<\/div>\n\t\t<\/section>\n\t\t\t\t<\/div>","protected":false},"excerpt":{"rendered":"<p>HALAD\u00d3 VARR\u00d3TANFOLYAM (70 \u00f3r\u00e1s) heti 1x, 3 \u00f3r\u00e1ban d\u00e9lel\u0151tt vagy esti id\u0151s\u00e1vban fejl\u0151d\u00e9si program azoknak, akik magabiztosabban, profibban szeretn\u00e9nek varrni, vagy elakadnak K\u00e9pzeld el, milyen inspir\u00e1l\u00f3 egy alkot\u00f3, vid\u00e1m t\u00e1rsas\u00e1gban varrni! Ez a halad\u00f3 tanfolyam pontosan ezt a hangulatot adja: k\u00f6z\u00f6ss\u00e9get, lend\u00fcletet \u00e9s szakmai fejl\u0151d\u00e9st. A f\u00f3kusz azon van, hogy b\u00e1trabban ny\u00falj \u00faj anyagokhoz, \u00f6sszetettebb [&hellip;]<\/p>","protected":false},"author":2,"featured_media":0,"parent":0,"menu_order":0,"comment_status":"closed","ping_status":"closed","template":"","meta":{"site-sidebar-layout":"no-sidebar","site-content-layout":"page-builder","ast-site-content-layout":"full-width-container","site-content-style":"default","site-sidebar-style":"default","ast-global-header-display":"","ast-banner-title-visibility":"","ast-main-header-display":"","ast-hfb-above-header-display":"","ast-hfb-below-header-display":"","ast-hfb-mobile-header-display":"","site-post-title":"disabled","ast-breadcrumbs-content":"","ast-featured-img":"disabled","footer-sml-layout":"","ast-disable-related-posts":"","theme-transparent-header-meta":"","adv-header-id-meta":"","stick-header-meta":"","header-above-stick-meta":"","header-main-stick-meta":"","header-below-stick-meta":"","astra-migrate-meta-layouts":"set","ast-page-background-enabled":"default","ast-page-background-meta":{"desktop":{"background-color":"var(--ast-global-color-4)","background-image":"","background-repeat":"repeat","background-position":"center center","background-size":"auto","background-attachment":"scroll","background-type":"","background-media":"","overlay-type":"","overlay-color":"","overlay-opacity":"","overlay-gradient":""},"tablet":{"background-color":"","background-image":"","background-repeat":"repeat","background-position":"center center","background-size":"auto","background-attachment":"scroll","background-type":"","background-media":"","overlay-type":"","overlay-color":"","overlay-opacity":"","overlay-gradient":""},"mobile":{"background-color":"","background-image":"","background-repeat":"repeat","background-position":"center center","background-size":"auto","background-attachment":"scroll","background-type":"","background-media":"","overlay-type":"","overlay-color":"","overlay-opacity":"","overlay-gradient":""}},"ast-content-background-meta":{"desktop":{"background-color":"var(--ast-global-color-5)","background-image":"","background-repeat":"repeat","background-position":"center center","background-size":"auto","background-attachment":"scroll","background-type":"","background-media":"","overlay-type":"","overlay-color":"","overlay-opacity":"","overlay-gradient":""},"tablet":{"background-color":"var(--ast-global-color-5)","background-image":"","background-repeat":"repeat","background-position":"center center","background-size":"auto","background-attachment":"scroll","background-type":"","background-media":"","overlay-type":"","overlay-color":"","overlay-opacity":"","overlay-gradient":""},"mobile":{"background-color":"var(--ast-global-color-5)","background-image":"","background-repeat":"repeat","background-position":"center center","background-size":"auto","background-attachment":"scroll","background-type":"","background-media":"","overlay-type":"","overlay-color":"","overlay-opacity":"","overlay-gradient":""}},"footnotes":""},"class_list":["post-1824","page","type-page","status-publish","hentry"],"_links":{"self":[{"href":"https:\/\/szitakotokreativsuli.nortak.hu\/en\/wp-json\/wp\/v2\/pages\/1824","targetHints":{"allow":["GET"]}}],"collection":[{"href":"https:\/\/szitakotokreativsuli.nortak.hu\/en\/wp-json\/wp\/v2\/pages"}],"about":[{"href":"https:\/\/szitakotokreativsuli.nortak.hu\/en\/wp-json\/wp\/v2\/types\/page"}],"author":[{"embeddable":true,"href":"https:\/\/szitakotokreativsuli.nortak.hu\/en\/wp-json\/wp\/v2\/users\/2"}],"replies":[{"embeddable":true,"href":"https:\/\/szitakotokreativsuli.nortak.hu\/en\/wp-json\/wp\/v2\/comments?post=1824"}],"version-history":[{"count":40,"href":"https:\/\/szitakotokreativsuli.nortak.hu\/en\/wp-json\/wp\/v2\/pages\/1824\/revisions"}],"predecessor-version":[{"id":2690,"href":"https:\/\/szitakotokreativsuli.nortak.hu\/en\/wp-json\/wp\/v2\/pages\/1824\/revisions\/2690"}],"wp:attachment":[{"href":"https:\/\/szitakotokreativsuli.nortak.hu\/en\/wp-json\/wp\/v2\/media?parent=1824"}],"curies":[{"name":"wp","href":"https:\/\/api.w.org\/{rel}","templated":true}]}}