{"id":1601,"date":"2025-12-08T10:08:57","date_gmt":"2025-12-08T10:08:57","guid":{"rendered":"https:\/\/szitakotokreativsuli.nortak.hu\/?page_id=1601"},"modified":"2026-02-06T14:58:04","modified_gmt":"2026-02-06T14:58:04","slug":"feleves-kezdo-szabas-varras-tanfolyam","status":"publish","type":"page","link":"https:\/\/szitakotokreativsuli.nortak.hu\/en\/feleves-kezdo-szabas-varras-tanfolyam\/","title":{"rendered":"SIX-MONTH BEGINNERS' SEWING COURSE"},"content":{"rendered":"<div data-elementor-type=\"wp-page\" data-elementor-id=\"1601\" class=\"elementor elementor-1601\" data-elementor-post-type=\"page\">\n\t\t\t\t\t\t<section class=\"elementor-section elementor-top-section elementor-element elementor-element-835493e elementor-section-boxed elementor-section-height-default elementor-section-height-default\" data-id=\"835493e\" data-element_type=\"section\" data-e-type=\"section\">\n\t\t\t\t\t\t<div class=\"elementor-container elementor-column-gap-default\">\n\t\t\t\t\t<div class=\"elementor-column elementor-col-100 elementor-top-column elementor-element elementor-element-5c47424\" data-id=\"5c47424\" data-element_type=\"column\" data-e-type=\"column\">\n\t\t\t<div class=\"elementor-widget-wrap elementor-element-populated\">\n\t\t\t\t\t\t<div class=\"elementor-element elementor-element-7d84799 elementor-widget elementor-widget-spacer\" data-id=\"7d84799\" data-element_type=\"widget\" data-e-type=\"widget\" data-widget_type=\"spacer.default\">\n\t\t\t\t<div class=\"elementor-widget-container\">\n\t\t\t\t\t\t\t<div class=\"elementor-spacer\">\n\t\t\t<div class=\"elementor-spacer-inner\"><\/div>\n\t\t<\/div>\n\t\t\t\t\t\t<\/div>\n\t\t\t\t<\/div>\n\t\t\t\t\t<\/div>\n\t\t<\/div>\n\t\t\t\t\t<\/div>\n\t\t<\/section>\n\t\t\t\t<section class=\"elementor-section elementor-top-section elementor-element elementor-element-0ed789f elementor-section-boxed elementor-section-height-default elementor-section-height-default\" data-id=\"0ed789f\" data-element_type=\"section\" data-e-type=\"section\">\n\t\t\t\t\t\t<div class=\"elementor-container elementor-column-gap-default\">\n\t\t\t\t\t<div class=\"elementor-column elementor-col-100 elementor-top-column elementor-element elementor-element-d45169d\" data-id=\"d45169d\" data-element_type=\"column\" data-e-type=\"column\">\n\t\t\t<div class=\"elementor-widget-wrap elementor-element-populated\">\n\t\t\t\t\t\t<div class=\"elementor-element elementor-element-02c953a elementor-widget elementor-widget-heading\" data-id=\"02c953a\" data-element_type=\"widget\" data-e-type=\"widget\" data-widget_type=\"heading.default\">\n\t\t\t\t<div class=\"elementor-widget-container\">\n\t\t\t\t\t<h3 class=\"elementor-heading-title elementor-size-default\">SIX-MONTH BEGINNERS' SEWING COURSE<\/h3>\t\t\t\t<\/div>\n\t\t\t\t<\/div>\n\t\t\t\t\t<\/div>\n\t\t<\/div>\n\t\t\t\t\t<\/div>\n\t\t<\/section>\n\t\t\t\t<section class=\"elementor-section elementor-top-section elementor-element elementor-element-efd91c7 elementor-section-boxed elementor-section-height-default elementor-section-height-default\" data-id=\"efd91c7\" data-element_type=\"section\" data-e-type=\"section\">\n\t\t\t\t\t\t<div class=\"elementor-container elementor-column-gap-default\">\n\t\t\t\t\t<div class=\"elementor-column elementor-col-100 elementor-top-column elementor-element elementor-element-3bb325e\" data-id=\"3bb325e\" data-element_type=\"column\" data-e-type=\"column\">\n\t\t\t<div class=\"elementor-widget-wrap elementor-element-populated\">\n\t\t\t\t\t\t<div class=\"elementor-element elementor-element-28a3d6b elementor-widget elementor-widget-text-editor\" data-id=\"28a3d6b\" data-element_type=\"widget\" data-e-type=\"widget\" data-widget_type=\"text-editor.default\">\n\t\t\t\t<div class=\"elementor-widget-container\">\n\t\t\t\t\t\t\t\t\t<p><span style=\"font-weight: 400;\">complex training - from zero to self-made garments<\/span><\/p>\t\t\t\t\t\t\t\t<\/div>\n\t\t\t\t<\/div>\n\t\t\t\t\t<\/div>\n\t\t<\/div>\n\t\t\t\t\t<\/div>\n\t\t<\/section>\n\t\t\t\t<section class=\"elementor-section elementor-top-section elementor-element elementor-element-7f61c29 elementor-section-boxed elementor-section-height-default elementor-section-height-default\" data-id=\"7f61c29\" data-element_type=\"section\" data-e-type=\"section\">\n\t\t\t\t\t\t<div class=\"elementor-container elementor-column-gap-default\">\n\t\t\t\t\t<div class=\"elementor-column elementor-col-100 elementor-top-column elementor-element elementor-element-d0e502b\" data-id=\"d0e502b\" data-element_type=\"column\" data-e-type=\"column\">\n\t\t\t<div class=\"elementor-widget-wrap\">\n\t\t\t\t\t\t\t<\/div>\n\t\t<\/div>\n\t\t\t\t\t<\/div>\n\t\t<\/section>\n\t\t\t\t<section class=\"elementor-section elementor-top-section elementor-element elementor-element-3c1cdf3 elementor-section-boxed elementor-section-height-default elementor-section-height-default\" data-id=\"3c1cdf3\" data-element_type=\"section\" data-e-type=\"section\">\n\t\t\t\t\t\t<div class=\"elementor-container elementor-column-gap-default\">\n\t\t\t\t\t<div class=\"elementor-column elementor-col-50 elementor-top-column elementor-element elementor-element-d7dd876\" data-id=\"d7dd876\" data-element_type=\"column\" data-e-type=\"column\">\n\t\t\t<div class=\"elementor-widget-wrap elementor-element-populated\">\n\t\t\t\t\t\t<div class=\"elementor-element elementor-element-ae22a9d elementor-widget__width-initial elementor-widget elementor-widget-text-editor\" data-id=\"ae22a9d\" data-element_type=\"widget\" data-e-type=\"widget\" data-widget_type=\"text-editor.default\">\n\t\t\t\t<div class=\"elementor-widget-container\">\n\t\t\t\t\t\t\t\t\t<p><span style=\"font-weight: 400;\">Prize<\/span><span style=\"font-weight: 400;\">: 235.000,- Ft (in 4 instalments) - <\/span><i><span style=\"font-weight: 400;\">a discount for paying a single amount in advance:<\/span><\/i><span style=\"font-weight: 400;\"><em>- 5%<\/em>\u00a0<\/span><\/p><p><span style=\"font-weight: 400;\">Duration:<\/span><span style=\"font-weight: 400;\"> 140 hours<\/span><\/p><p><span style=\"font-weight: 400;\">evening group: tuesday &amp; thursday 16:45-19:45 + 3 saturdays (9:00-15:00)<\/span><\/p><p><span style=\"font-weight: 400;\">morning group: monday &amp; wednesday 9:00-12:00 + 3 saturdays (9:00-15:00)<\/span><\/p><p><span style=\"font-weight: 400;\">\u00a0<\/span><\/p>\t\t\t\t\t\t\t\t<\/div>\n\t\t\t\t<\/div>\n\t\t\t\t<div class=\"elementor-element elementor-element-0870e09 elementor-align-center elementor-widget elementor-widget-button\" data-id=\"0870e09\" data-element_type=\"widget\" data-e-type=\"widget\" data-widget_type=\"button.default\">\n\t\t\t\t<div class=\"elementor-widget-container\">\n\t\t\t\t\t\t\t\t\t<div class=\"elementor-button-wrapper\">\n\t\t\t\t\t<a class=\"elementor-button elementor-button-link elementor-size-sm\" href=\"#elementor-action%3Aaction%3Dpopup%3Aopen%26settings%3DeyJpZCI6IjIxMjIiLCJ0b2dnbGUiOmZhbHNlfQ%3D%3D\" target=\"_blank\">\n\t\t\t\t\t\t<span class=\"elementor-button-content-wrapper\">\n\t\t\t\t\t\t\t\t\t<span class=\"elementor-button-text\">Sign me up<\/span>\n\t\t\t\t\t<\/span>\n\t\t\t\t\t<\/a>\n\t\t\t\t<\/div>\n\t\t\t\t\t\t\t\t<\/div>\n\t\t\t\t<\/div>\n\t\t\t\t\t<\/div>\n\t\t<\/div>\n\t\t\t\t<div class=\"elementor-column elementor-col-50 elementor-top-column elementor-element elementor-element-f3194c6\" data-id=\"f3194c6\" data-element_type=\"column\" data-e-type=\"column\">\n\t\t\t<div class=\"elementor-widget-wrap elementor-element-populated\">\n\t\t\t\t\t\t<div class=\"elementor-element elementor-element-bc6b133 elementor-widget elementor-widget-image\" data-id=\"bc6b133\" data-element_type=\"widget\" data-e-type=\"widget\" data-widget_type=\"image.default\">\n\t\t\t\t<div class=\"elementor-widget-container\">\n\t\t\t\t\t\t\t\t\t\t\t\t\t\t\t<img fetchpriority=\"high\" decoding=\"async\" width=\"768\" height=\"512\" src=\"https:\/\/szitakotokreativsuli.nortak.hu\/wp-content\/uploads\/2025\/12\/2-768x512.png\" class=\"attachment-medium_large size-medium_large wp-image-1505\" alt=\"F\u00e9l\u00e9ves kezd\u0151 szab\u00e1s-varr\u00e1s tanfolyam\" srcset=\"https:\/\/szitakotokreativsuli.nortak.hu\/wp-content\/uploads\/2025\/12\/2-768x512.png 768w, https:\/\/szitakotokreativsuli.nortak.hu\/wp-content\/uploads\/2025\/12\/2-600x400.png 600w, https:\/\/szitakotokreativsuli.nortak.hu\/wp-content\/uploads\/2025\/12\/2-300x200.png 300w, https:\/\/szitakotokreativsuli.nortak.hu\/wp-content\/uploads\/2025\/12\/2-1024x683.png 1024w, https:\/\/szitakotokreativsuli.nortak.hu\/wp-content\/uploads\/2025\/12\/2.png 1200w\" sizes=\"(max-width: 768px) 100vw, 768px\" \/>\t\t\t\t\t\t\t\t\t\t\t\t\t\t\t<\/div>\n\t\t\t\t<\/div>\n\t\t\t\t\t<\/div>\n\t\t<\/div>\n\t\t\t\t\t<\/div>\n\t\t<\/section>\n\t\t\t\t<section class=\"elementor-section elementor-top-section elementor-element elementor-element-1ee7674 elementor-section-boxed elementor-section-height-default elementor-section-height-default\" data-id=\"1ee7674\" data-element_type=\"section\" data-e-type=\"section\">\n\t\t\t\t\t\t<div class=\"elementor-container elementor-column-gap-default\">\n\t\t\t\t\t<div class=\"elementor-column elementor-col-100 elementor-top-column elementor-element elementor-element-52b6185\" data-id=\"52b6185\" data-element_type=\"column\" data-e-type=\"column\">\n\t\t\t<div class=\"elementor-widget-wrap elementor-element-populated\">\n\t\t\t\t\t\t<div class=\"elementor-element elementor-element-61893bc elementor-widget elementor-widget-spacer\" data-id=\"61893bc\" data-element_type=\"widget\" data-e-type=\"widget\" data-widget_type=\"spacer.default\">\n\t\t\t\t<div class=\"elementor-widget-container\">\n\t\t\t\t\t\t\t<div class=\"elementor-spacer\">\n\t\t\t<div class=\"elementor-spacer-inner\"><\/div>\n\t\t<\/div>\n\t\t\t\t\t\t<\/div>\n\t\t\t\t<\/div>\n\t\t\t\t\t<\/div>\n\t\t<\/div>\n\t\t\t\t\t<\/div>\n\t\t<\/section>\n\t\t\t\t<section class=\"elementor-section elementor-top-section elementor-element elementor-element-b1a873c elementor-section-boxed elementor-section-height-default elementor-section-height-default\" data-id=\"b1a873c\" data-element_type=\"section\" data-e-type=\"section\">\n\t\t\t\t\t\t<div class=\"elementor-container elementor-column-gap-default\">\n\t\t\t\t\t<div class=\"elementor-column elementor-col-100 elementor-top-column elementor-element elementor-element-6c5a1e0\" data-id=\"6c5a1e0\" data-element_type=\"column\" data-e-type=\"column\">\n\t\t\t<div class=\"elementor-widget-wrap elementor-element-populated\">\n\t\t\t\t\t\t<div class=\"elementor-element elementor-element-b85d66f elementor-widget elementor-widget-text-editor\" data-id=\"b85d66f\" data-element_type=\"widget\" data-e-type=\"widget\" data-widget_type=\"text-editor.default\">\n\t\t\t\t<div class=\"elementor-widget-container\">\n\t\t\t\t\t\t\t\t\t<p>The six-month course introduces you to the world of sewing in a comprehensive, step-by-step system. We start from scratch and get you to the point where you can sew a basic wardrobe (skirt, trousers, blouse, cocktail dress, cardigan) completely independently, tailored to your own body shape. The course will also cover in depth pattern patterns, body shapes, styles, colour types, sewing techniques and the use of modern sewing machines.<br \/>This course is for those who want to learn to make their own clothes, to their own size, in their own style - thoroughly, with confidence.<\/p><p><b>Important information<\/b><\/p><p><span style=\"font-weight: 400;\">- Prerequisite: none, complete beginners welcome.\u00a0\u00a0<\/span><\/p><p><span style=\"font-weight: 400;\">- Courses start with a minimum of 6 participants. If the group does not fill up, the booking can be rescheduled free of charge to another date or programme at least 14 days before the start date.<\/span><\/p><p><span style=\"font-weight: 400;\">- \u00a0 \u00a0 \u00a0 \u00a0 \u00a0 <\/span><i><span style=\"font-weight: 400;\">For the project work, you bring the textiles you like, with instructions (!) and the necessary supplies.<\/span><\/i><\/p><p><span style=\"font-weight: 400;\">- Adult education registration number: B\/2020\/008010<\/span><\/p><p><strong>Who is it for?<\/strong><\/p><ul><li style=\"font-weight: 400;\" aria-level=\"1\"><span style=\"font-weight: 400;\">for complete beginners who want to acquire a thorough and broad knowledge<\/span><\/li><li style=\"font-weight: 400;\" aria-level=\"1\"><span style=\"font-weight: 400;\">want to learn to sew their own clothes<\/span><\/li><li style=\"font-weight: 400;\" aria-level=\"1\"><span style=\"font-weight: 400;\">I want to adapt and correct the patterns to my own size<\/span><\/li><li style=\"font-weight: 400;\" aria-level=\"1\"><span style=\"font-weight: 400;\">curious about the world of body shapes and colours<\/span><\/li><li style=\"font-weight: 400;\" aria-level=\"1\"><span style=\"font-weight: 400;\">want not only to sew, but to understand the whole process of making clothes<\/span><\/li><li style=\"font-weight: 400;\" aria-level=\"1\"><span style=\"font-weight: 400;\">who want secure, independent knowledge for the long term<\/span><\/li><\/ul><p><strong>Why is the six-month course special?<\/strong><\/p><ul><li style=\"font-weight: 400;\" aria-level=\"1\"><i><span style=\"font-weight: 400;\">Gives you deep knowledge<\/span><\/i><span style=\"font-weight: 400;\"> - you don't just learn to sew, you learn to understand how to make clothes.<\/span><\/li><li style=\"font-weight: 400;\" aria-level=\"1\"><i><span style=\"font-weight: 400;\">You will be confident<\/span><\/i><span style=\"font-weight: 400;\"> - no more fear of pattern or more complicated pieces.<\/span><\/li><li style=\"font-weight: 400;\" aria-level=\"1\"><i><span style=\"font-weight: 400;\">Get the basics at a professional level<\/span><\/i><span style=\"font-weight: 400;\"> - the sewing machine, the fabric and the materials \u201ecome together in your head\u201d.<\/span><\/li><li style=\"font-weight: 400;\" aria-level=\"1\"><span style=\"font-weight: 400;\">You take home several items of clothing, all made to measure.<\/span><\/li><li style=\"font-weight: 400;\" aria-level=\"1\"><span style=\"font-weight: 400;\">You'll learn in a supportive, small environment with lots of personal help.<\/span><\/li><\/ul>\t\t\t\t\t\t\t\t<\/div>\n\t\t\t\t<\/div>\n\t\t\t\t<div class=\"elementor-element elementor-element-982d7d9 elementor-align-center elementor-widget elementor-widget-button\" data-id=\"982d7d9\" data-element_type=\"widget\" data-e-type=\"widget\" data-widget_type=\"button.default\">\n\t\t\t\t<div class=\"elementor-widget-container\">\n\t\t\t\t\t\t\t\t\t<div class=\"elementor-button-wrapper\">\n\t\t\t\t\t<a class=\"elementor-button elementor-button-link elementor-size-sm\" href=\"#elementor-action%3Aaction%3Dpopup%3Aopen%26settings%3DeyJpZCI6IjIxMjIiLCJ0b2dnbGUiOmZhbHNlfQ%3D%3D\" target=\"_blank\">\n\t\t\t\t\t\t<span class=\"elementor-button-content-wrapper\">\n\t\t\t\t\t\t\t\t\t<span class=\"elementor-button-text\">Sign me up<\/span>\n\t\t\t\t\t<\/span>\n\t\t\t\t\t<\/a>\n\t\t\t\t<\/div>\n\t\t\t\t\t\t\t\t<\/div>\n\t\t\t\t<\/div>\n\t\t\t\t\t<\/div>\n\t\t<\/div>\n\t\t\t\t\t<\/div>\n\t\t<\/section>\n\t\t\t\t<section class=\"elementor-section elementor-top-section elementor-element elementor-element-c51887b elementor-section-boxed elementor-section-height-default elementor-section-height-default\" data-id=\"c51887b\" data-element_type=\"section\" data-e-type=\"section\">\n\t\t\t\t\t\t<div class=\"elementor-container elementor-column-gap-default\">\n\t\t\t\t\t<div class=\"elementor-column elementor-col-100 elementor-top-column elementor-element elementor-element-f55d13c\" data-id=\"f55d13c\" data-element_type=\"column\" data-e-type=\"column\">\n\t\t\t<div class=\"elementor-widget-wrap elementor-element-populated\">\n\t\t\t\t\t\t<div class=\"elementor-element elementor-element-ac30153 elementor-widget elementor-widget-text-editor\" data-id=\"ac30153\" data-element_type=\"widget\" data-e-type=\"widget\" data-widget_type=\"text-editor.default\">\n\t\t\t\t<div class=\"elementor-widget-container\">\n\t\t\t\t\t\t\t\t\t<p><strong style=\"font-size: 16px;\">What did you learn during the six months?<\/strong><\/p><p><span style=\"font-weight: 400;\">This course gives you a real depth of knowledge - much more than a short workshop or foundation course. The process covers the whole arc of dressmaking.<\/span><\/p><ol><li><b>Body shape and colour-type knowledge<\/b><span style=\"font-weight: 400;\"> \u00a0 (So that you not only know how to sew, but also understand what looks good.)<\/span><\/li><\/ol><ul><li><span style=\"font-weight: 400;\">body shape recognition<\/span><\/li><li><span style=\"font-weight: 400;\">defining your own body type<\/span><\/li><li><span style=\"font-weight: 400;\">\u00a0learning about colour types and primary colours<\/span><\/li><li><span style=\"font-weight: 400;\">matching styles and materials according to body type<\/span><\/li><li><span style=\"font-weight: 400;\">dress design principles: how to choose a style for yourself<\/span><\/li><\/ul><ol start=\"2\"><li><b> Knowledge of materials and supplies<\/b><\/li><\/ol><ul><li><span style=\"font-weight: 400;\">types of materials: cotton, viscose, jersey, man-made fibres, fabrics<\/span><\/li><li><span style=\"font-weight: 400;\">which fabric goes with which garment<\/span><\/li><li><span style=\"font-weight: 400;\">use of thread types and needle types<\/span><\/li><li><span style=\"font-weight: 400;\">non-wovens, stiffeners, bias straps, linings<\/span><\/li><li><span style=\"font-weight: 400;\">how textiles + patterns work together<\/span><\/li><\/ul><ol start=\"3\"><li><b> Sewing machine operation and maintenance<\/b><\/li><\/ol><ul><li><span style=\"font-weight: 400;\">threading, stitch adjustment, tensioning<\/span><\/li><li><span style=\"font-weight: 400;\">basic and advanced stitch types<\/span><\/li><li><span style=\"font-weight: 400;\">identifying and correcting typical errors<\/span><\/li><li><span style=\"font-weight: 400;\">machine maintenance, cleaning<\/span><\/li><li><span style=\"font-weight: 400;\">developing precise sewing techniques<\/span><\/li><\/ul><ol start=\"4\"><li><b> Practical basic projects<\/b><\/li><\/ol><p><span style=\"font-weight: 400;\">At the beginning of the course, they started with small objects: bags, accessories, accessories. <\/span><span style=\"font-weight: 400;\">Use them to practise sewing, cleaning, sewing, hemming, zipping.<\/span><\/p><ol start=\"5\"><li><b> Techniques for larger garments<\/b><\/li><\/ol><ul><li><span style=\"font-weight: 400;\">correct design of reducers<\/span><\/li><li><span style=\"font-weight: 400;\">precise fitting of side seams, shoulder seams<\/span><\/li><li><span style=\"font-weight: 400;\">waistband, rubber banding with various techniques<\/span><\/li><li><span style=\"font-weight: 400;\">finger sewing beginner and advanced<\/span><\/li><li><span style=\"font-weight: 400;\">making a buttonhole<\/span><\/li><li><span style=\"font-weight: 400;\">button sewing<\/span><\/li><li><span style=\"font-weight: 400;\">different pocket types (patch pocket, side pocket, slit pocket, pocket flap)<\/span><\/li><li><span style=\"font-weight: 400;\">zipper sewing: traditional, hidden zipper<\/span><\/li><li><span style=\"font-weight: 400;\">clarification methods<\/span><\/li><li><span style=\"font-weight: 400;\">splices, formations, alignments<\/span><\/li><\/ul><ol start=\"6\"><li><b> Making garments in practice<\/b><\/li><\/ol><p><span style=\"font-weight: 400;\">During the semester you will make several large projects: skirts, trousers, blouses, cocktail dresses, and for the more skilful a jacket or cardigan. <\/span><span style=\"font-weight: 400;\">Each piece is made to measure and made by the students:<\/span><\/p><ul><li style=\"font-weight: 400;\" aria-level=\"1\"><span style=\"font-weight: 400;\">learn how to adapt the pattern to their body<\/span><\/li><li style=\"font-weight: 400;\" aria-level=\"1\"><span style=\"font-weight: 400;\">the substance is imposed<\/span><\/li><li style=\"font-weight: 400;\" aria-level=\"1\"><span style=\"font-weight: 400;\">are compiled step by step<\/span><\/li><li style=\"font-weight: 400;\" aria-level=\"1\"><span style=\"font-weight: 400;\">learn the techniques of tailoring<\/span><\/li><li style=\"font-weight: 400;\" aria-level=\"1\"><span style=\"font-weight: 400;\">they finish the dress beautifully and with care<\/span><\/li><\/ul><ol start=\"7\"><li><b> Advanced details and techniques<\/b><\/li><\/ol><ul><li><span style=\"font-weight: 400;\">traditional zip fastening and concealed zip fastening<\/span><\/li><li><span style=\"font-weight: 400;\">nicks, nicks at the waist<\/span><\/li><li><span style=\"font-weight: 400;\">clarifying seams in several ways<\/span><\/li><li><span style=\"font-weight: 400;\">sequence of assembly seams<\/span><\/li><li><span style=\"font-weight: 400;\">collar styles, cuffs, elbow patches<\/span><\/li><li><span style=\"font-weight: 400;\">seams, bottom cleaning on several textiles<\/span><\/li><li><span style=\"font-weight: 400;\">design of linings<\/span><\/li><li><span style=\"font-weight: 400;\">run tests, adjustments, modifications<\/span><\/li><li><span style=\"font-weight: 400;\">precise ironing techniques<\/span><\/li><\/ul><ol start=\"8\"><li><b> Fine tuning, independent planning<\/b><\/li><\/ol><p><span style=\"font-weight: 400;\">By the end of the semester, participants will be able to:<\/span><\/p><ul><li style=\"font-weight: 400;\" aria-level=\"1\"><span style=\"font-weight: 400;\">choose pattern, shape and material independently<\/span><\/li><li style=\"font-weight: 400;\" aria-level=\"1\"><span style=\"font-weight: 400;\">adapt a pattern to suit your needs<\/span><\/li><li style=\"font-weight: 400;\" aria-level=\"1\"><span style=\"font-weight: 400;\">repair or alter existing garments<\/span><\/li><li style=\"font-weight: 400;\" aria-level=\"1\"><span style=\"font-weight: 400;\">independently design and make a complete garment<\/span><\/li><\/ul>\t\t\t\t\t\t\t\t<\/div>\n\t\t\t\t<\/div>\n\t\t\t\t<div class=\"elementor-element elementor-element-50f7191 elementor-align-center elementor-widget elementor-widget-button\" data-id=\"50f7191\" data-element_type=\"widget\" data-e-type=\"widget\" data-widget_type=\"button.default\">\n\t\t\t\t<div class=\"elementor-widget-container\">\n\t\t\t\t\t\t\t\t\t<div class=\"elementor-button-wrapper\">\n\t\t\t\t\t<a class=\"elementor-button elementor-button-link elementor-size-sm\" href=\"#elementor-action%3Aaction%3Dpopup%3Aopen%26settings%3DeyJpZCI6IjIxMjIiLCJ0b2dnbGUiOmZhbHNlfQ%3D%3D\" target=\"_blank\">\n\t\t\t\t\t\t<span class=\"elementor-button-content-wrapper\">\n\t\t\t\t\t\t\t\t\t<span class=\"elementor-button-text\">Sign me up<\/span>\n\t\t\t\t\t<\/span>\n\t\t\t\t\t<\/a>\n\t\t\t\t<\/div>\n\t\t\t\t\t\t\t\t<\/div>\n\t\t\t\t<\/div>\n\t\t\t\t\t<\/div>\n\t\t<\/div>\n\t\t\t\t\t<\/div>\n\t\t<\/section>\n\t\t\t\t<\/div>","protected":false},"excerpt":{"rendered":"<p>F\u00c9L\u00c9VES KEZD\u0150 SZAB\u00c1S-VARR\u00c1S TANFOLYAM komplex k\u00e9pz\u00e9s \u2013 a null\u00e1r\u00f3l az \u00f6n\u00e1ll\u00f3 ruhak\u00e9sz\u00edt\u00e9sig D\u00edj: 235.000,- Ft (4 r\u00e9szletben)\u00a0 &#8211; egy \u00f6sszeg\u0171, el\u0151re t\u00f6rt\u00e9n\u0151 fizet\u00e9s eset\u00e9n kedvezm\u00e9ny:&#8211; 5%\u00a0 Id\u0151tartam: 140 \u00f3ra esti csoport: kedd &amp; cs\u00fct\u00f6rt\u00f6k 16:45\u201319:45 + 3 szombat (9:00\u201315:00) d\u00e9lel\u0151tti csoport: h\u00e9tf\u0151 &amp; szerda 9:00\u201312:00 + 3 szombat (9:00\u201315:00) \u00a0 Jelentkezem A f\u00e9l\u00e9ves tanfolyam \u00e1tfog\u00f3, [&hellip;]<\/p>","protected":false},"author":2,"featured_media":0,"parent":0,"menu_order":0,"comment_status":"closed","ping_status":"closed","template":"","meta":{"site-sidebar-layout":"no-sidebar","site-content-layout":"page-builder","ast-site-content-layout":"full-width-container","site-content-style":"default","site-sidebar-style":"default","ast-global-header-display":"","ast-banner-title-visibility":"","ast-main-header-display":"","ast-hfb-above-header-display":"","ast-hfb-below-header-display":"","ast-hfb-mobile-header-display":"","site-post-title":"disabled","ast-breadcrumbs-content":"","ast-featured-img":"disabled","footer-sml-layout":"","ast-disable-related-posts":"","theme-transparent-header-meta":"","adv-header-id-meta":"","stick-header-meta":"","header-above-stick-meta":"","header-main-stick-meta":"","header-below-stick-meta":"","astra-migrate-meta-layouts":"set","ast-page-background-enabled":"default","ast-page-background-meta":{"desktop":{"background-color":"var(--ast-global-color-4)","background-image":"","background-repeat":"repeat","background-position":"center center","background-size":"auto","background-attachment":"scroll","background-type":"","background-media":"","overlay-type":"","overlay-color":"","overlay-opacity":"","overlay-gradient":""},"tablet":{"background-color":"","background-image":"","background-repeat":"repeat","background-position":"center center","background-size":"auto","background-attachment":"scroll","background-type":"","background-media":"","overlay-type":"","overlay-color":"","overlay-opacity":"","overlay-gradient":""},"mobile":{"background-color":"","background-image":"","background-repeat":"repeat","background-position":"center center","background-size":"auto","background-attachment":"scroll","background-type":"","background-media":"","overlay-type":"","overlay-color":"","overlay-opacity":"","overlay-gradient":""}},"ast-content-background-meta":{"desktop":{"background-color":"var(--ast-global-color-5)","background-image":"","background-repeat":"repeat","background-position":"center center","background-size":"auto","background-attachment":"scroll","background-type":"","background-media":"","overlay-type":"","overlay-color":"","overlay-opacity":"","overlay-gradient":""},"tablet":{"background-color":"var(--ast-global-color-5)","background-image":"","background-repeat":"repeat","background-position":"center center","background-size":"auto","background-attachment":"scroll","background-type":"","background-media":"","overlay-type":"","overlay-color":"","overlay-opacity":"","overlay-gradient":""},"mobile":{"background-color":"var(--ast-global-color-5)","background-image":"","background-repeat":"repeat","background-position":"center center","background-size":"auto","background-attachment":"scroll","background-type":"","background-media":"","overlay-type":"","overlay-color":"","overlay-opacity":"","overlay-gradient":""}},"footnotes":""},"class_list":["post-1601","page","type-page","status-publish","hentry"],"_links":{"self":[{"href":"https:\/\/szitakotokreativsuli.nortak.hu\/en\/wp-json\/wp\/v2\/pages\/1601","targetHints":{"allow":["GET"]}}],"collection":[{"href":"https:\/\/szitakotokreativsuli.nortak.hu\/en\/wp-json\/wp\/v2\/pages"}],"about":[{"href":"https:\/\/szitakotokreativsuli.nortak.hu\/en\/wp-json\/wp\/v2\/types\/page"}],"author":[{"embeddable":true,"href":"https:\/\/szitakotokreativsuli.nortak.hu\/en\/wp-json\/wp\/v2\/users\/2"}],"replies":[{"embeddable":true,"href":"https:\/\/szitakotokreativsuli.nortak.hu\/en\/wp-json\/wp\/v2\/comments?post=1601"}],"version-history":[{"count":37,"href":"https:\/\/szitakotokreativsuli.nortak.hu\/en\/wp-json\/wp\/v2\/pages\/1601\/revisions"}],"predecessor-version":[{"id":2663,"href":"https:\/\/szitakotokreativsuli.nortak.hu\/en\/wp-json\/wp\/v2\/pages\/1601\/revisions\/2663"}],"wp:attachment":[{"href":"https:\/\/szitakotokreativsuli.nortak.hu\/en\/wp-json\/wp\/v2\/media?parent=1601"}],"curies":[{"name":"wp","href":"https:\/\/api.w.org\/{rel}","templated":true}]}}